{"id":4168,"date":"2024-03-18T22:40:52","date_gmt":"2024-03-18T21:40:52","guid":{"rendered":"https:\/\/redyteliot.info\/projects\/airports-sensorization\/"},"modified":"2024-03-19T15:33:19","modified_gmt":"2024-03-19T14:33:19","slug":"airports-sensorization","status":"publish","type":"page","link":"https:\/\/redyteliot.info\/en\/projects\/airports-sensorization\/","title":{"rendered":"Airports sensorization"},"content":{"rendered":"\t\t<div data-elementor-type=\"wp-page\" data-elementor-id=\"4168\" class=\"elementor elementor-4168 elementor-4143\" data-elementor-post-type=\"page\">\n\t\t\t\t\t\t<section class=\"elementor-section elementor-top-section elementor-element elementor-element-b6b47af elementor-section-height-min-height animated-fast elementor-section-boxed elementor-section-height-default elementor-section-items-middle\" data-id=\"b6b47af\" data-element_type=\"section\" data-e-type=\"section\" data-settings=\"{&quot;background_background&quot;:&quot;classic&quot;,&quot;animation&quot;:&quot;none&quot;}\">\n\t\t\t\t\t\t\t<div class=\"elementor-background-overlay\"><\/div>\n\t\t\t\t\t\t\t<div class=\"elementor-container elementor-column-gap-default\">\n\t\t\t\t\t<div class=\"elementor-column elementor-col-100 elementor-top-column elementor-element elementor-element-4641528\" data-id=\"4641528\" data-element_type=\"column\" data-e-type=\"column\">\n\t\t\t<div class=\"elementor-widget-wrap elementor-element-populated\">\n\t\t\t\t\t\t<div class=\"elementor-element elementor-element-c0bd346 elementor-invisible elementor-widget elementor-widget-heading\" data-id=\"c0bd346\" data-element_type=\"widget\" data-e-type=\"widget\" data-settings=\"{&quot;_animation&quot;:&quot;fadeInUp&quot;}\" data-widget_type=\"heading.default\">\n\t\t\t\t\t<h1 class=\"elementor-heading-title elementor-size-default\">Airports<br> Sensorization<\/h1>\t\t\t\t<\/div>\n\t\t\t\t<div class=\"elementor-element elementor-element-462f778 elementor-invisible elementor-widget elementor-widget-text-editor\" data-id=\"462f778\" data-element_type=\"widget\" data-e-type=\"widget\" data-settings=\"{&quot;_animation&quot;:&quot;fadeInUp&quot;}\" data-widget_type=\"text-editor.default\">\n\t\t\t\t\t\t\t\t\t<p>Redytel has been chosen by Aena for the sensorization work at 16 of the main airports in Spain.<\/p>\n\t\t\t\t\t\t\t\t<\/div>\n\t\t\t\t<div class=\"elementor-element elementor-element-be7fb67 elementor-tablet-align-left animated-slow elementor-align-left elementor-mobile-align-left elementor-invisible elementor-widget elementor-widget-button\" data-id=\"be7fb67\" data-element_type=\"widget\" data-e-type=\"widget\" data-settings=\"{&quot;_animation&quot;:&quot;fadeInUp&quot;}\" data-widget_type=\"button.default\">\n\t\t\t\t\t\t\t\t\t\t<a class=\"elementor-button elementor-button-link elementor-size-md\" href=\"#caracteristicas\">\n\t\t\t\t\t\t<span class=\"elementor-button-content-wrapper\">\n\t\t\t\t\t\t\t\t\t<span class=\"elementor-button-text\">Learn more<\/span>\n\t\t\t\t\t<\/span>\n\t\t\t\t\t<\/a>\n\t\t\t\t\t\t\t\t<\/div>\n\t\t\t\t\t<\/div>\n\t\t<\/div>\n\t\t\t\t\t<\/div>\n\t\t<\/section>\n\t\t\t\t<section class=\"elementor-section elementor-top-section elementor-element elementor-element-5d20161 elementor-section-boxed elementor-section-height-default elementor-section-height-default\" data-id=\"5d20161\" data-element_type=\"section\" data-e-type=\"section\" id=\"caracteristicas\" data-settings=\"{&quot;background_background&quot;:&quot;classic&quot;}\">\n\t\t\t\t\t\t<div class=\"elementor-container elementor-column-gap-default\">\n\t\t\t\t\t<div class=\"elementor-column elementor-col-100 elementor-top-column elementor-element elementor-element-9266165\" data-id=\"9266165\" data-element_type=\"column\" data-e-type=\"column\">\n\t\t\t<div class=\"elementor-widget-wrap elementor-element-populated\">\n\t\t\t\t\t\t<section class=\"elementor-section elementor-inner-section elementor-element elementor-element-7985776 elementor-section-boxed elementor-section-height-default elementor-section-height-default\" data-id=\"7985776\" data-element_type=\"section\" data-e-type=\"section\">\n\t\t\t\t\t\t<div class=\"elementor-container elementor-column-gap-default\">\n\t\t\t\t\t<div class=\"elementor-column elementor-col-50 elementor-inner-column elementor-element elementor-element-da649c6\" data-id=\"da649c6\" data-element_type=\"column\" data-e-type=\"column\">\n\t\t\t<div class=\"elementor-widget-wrap elementor-element-populated\">\n\t\t\t\t\t\t<div class=\"elementor-element elementor-element-110a836 elementor-widget elementor-widget-image\" data-id=\"110a836\" data-element_type=\"widget\" data-e-type=\"widget\" data-widget_type=\"image.default\">\n\t\t\t\t\t\t\t\t\t\t\t\t\t\t\t<img fetchpriority=\"high\" decoding=\"async\" width=\"1024\" height=\"1024\" src=\"https:\/\/redyteliot.info\/wp-content\/uploads\/2024\/03\/aeropuertos-img-02.jpg\" class=\"attachment-full size-full wp-image-4155\" alt=\"\" srcset=\"https:\/\/redyteliot.info\/wp-content\/uploads\/2024\/03\/aeropuertos-img-02.jpg 1024w, https:\/\/redyteliot.info\/wp-content\/uploads\/2024\/03\/aeropuertos-img-02-300x300.jpg 300w, https:\/\/redyteliot.info\/wp-content\/uploads\/2024\/03\/aeropuertos-img-02-150x150.jpg 150w, https:\/\/redyteliot.info\/wp-content\/uploads\/2024\/03\/aeropuertos-img-02-768x768.jpg 768w\" sizes=\"(max-width: 1024px) 100vw, 1024px\" \/>\t\t\t\t\t\t\t\t\t\t\t\t\t\t\t<\/div>\n\t\t\t\t\t<\/div>\n\t\t<\/div>\n\t\t\t\t<div class=\"elementor-column elementor-col-50 elementor-inner-column elementor-element elementor-element-996ab6a\" data-id=\"996ab6a\" data-element_type=\"column\" data-e-type=\"column\">\n\t\t\t<div class=\"elementor-widget-wrap elementor-element-populated\">\n\t\t\t\t\t\t<div class=\"elementor-element elementor-element-2011a75 elementor-widget elementor-widget-heading\" data-id=\"2011a75\" data-element_type=\"widget\" data-e-type=\"widget\" data-widget_type=\"heading.default\">\n\t\t\t\t\t<h2 class=\"elementor-heading-title elementor-size-default\">Project features<\/h2>\t\t\t\t<\/div>\n\t\t\t\t<div class=\"elementor-element elementor-element-0eb6336 elementor-widget elementor-widget-text-editor\" data-id=\"0eb6336\" data-element_type=\"widget\" data-e-type=\"widget\" data-widget_type=\"text-editor.default\">\n\t\t\t\t\t\t\t\t\t<p>Redytel will control the stream of people at the main airports in Spain. It is the result of the contract that we have obtained with <strong>AENA<\/strong> to implement an IOT network in the 16 main airports, including <strong>Madrid, Barcelona o Mallorca<\/strong>.<\/p>\n<p>Our first task is to install <strong>cutting-edge technology that allows measuring the stream of people<\/strong> to the different airport services. Once the sensors are installed, more services can be gradually implemented.<\/p>\n\t\t\t\t\t\t\t\t<\/div>\n\t\t\t\t\t<\/div>\n\t\t<\/div>\n\t\t\t\t\t<\/div>\n\t\t<\/section>\n\t\t\t\t\t<\/div>\n\t\t<\/div>\n\t\t\t\t\t<\/div>\n\t\t<\/section>\n\t\t\t\t<section class=\"elementor-section elementor-top-section elementor-element elementor-element-2289324 elementor-section-boxed elementor-section-height-default elementor-section-height-default\" data-id=\"2289324\" data-element_type=\"section\" data-e-type=\"section\" data-settings=\"{&quot;background_background&quot;:&quot;classic&quot;}\">\n\t\t\t\t\t\t<div class=\"elementor-container elementor-column-gap-default\">\n\t\t\t\t\t<div class=\"elementor-column elementor-col-100 elementor-top-column elementor-element elementor-element-86f5f93\" data-id=\"86f5f93\" data-element_type=\"column\" data-e-type=\"column\">\n\t\t\t<div class=\"elementor-widget-wrap elementor-element-populated\">\n\t\t\t\t\t\t<section class=\"elementor-section elementor-inner-section elementor-element elementor-element-3742c92 elementor-hidden-desktop elementor-hidden-tablet elementor-hidden-mobile elementor-section-boxed elementor-section-height-default elementor-section-height-default\" data-id=\"3742c92\" data-element_type=\"section\" data-e-type=\"section\">\n\t\t\t\t\t\t<div class=\"elementor-container elementor-column-gap-default\">\n\t\t\t\t\t<div class=\"elementor-column elementor-col-50 elementor-inner-column elementor-element elementor-element-05f82f6\" data-id=\"05f82f6\" data-element_type=\"column\" data-e-type=\"column\">\n\t\t\t<div class=\"elementor-widget-wrap elementor-element-populated\">\n\t\t\t\t\t\t<div class=\"elementor-element elementor-element-e1f129a elementor-widget elementor-widget-text-editor\" data-id=\"e1f129a\" data-element_type=\"widget\" data-e-type=\"widget\" data-widget_type=\"text-editor.default\">\n\t\t\t\t\t\t\t\t\t<p>This contract will mean the hiring of 15 people for seven months. Later there will be room for maintenance specialists or for future contracts. <\/p>\n<p>To obtain this contract, Redytel IOT has competed with top-level companies such as Telef\u00f3nica, Indra or Vodafone.<\/p>\n\t\t\t\t\t\t\t\t<\/div>\n\t\t\t\t\t<\/div>\n\t\t<\/div>\n\t\t\t\t<div class=\"elementor-column elementor-col-50 elementor-inner-column elementor-element elementor-element-d62dbc6\" data-id=\"d62dbc6\" data-element_type=\"column\" data-e-type=\"column\">\n\t\t\t<div class=\"elementor-widget-wrap elementor-element-populated\">\n\t\t\t\t\t\t<div class=\"elementor-element elementor-element-ce23a1f elementor-widget elementor-widget-image\" data-id=\"ce23a1f\" data-element_type=\"widget\" data-e-type=\"widget\" data-widget_type=\"image.default\">\n\t\t\t\t\t\t\t\t\t\t\t\t\t\t\t<img decoding=\"async\" width=\"1024\" height=\"1024\" src=\"https:\/\/redyteliot.info\/wp-content\/uploads\/2024\/03\/aeropuertos-img-01.jpg\" class=\"attachment-full size-full wp-image-4153\" alt=\"\" srcset=\"https:\/\/redyteliot.info\/wp-content\/uploads\/2024\/03\/aeropuertos-img-01.jpg 1024w, https:\/\/redyteliot.info\/wp-content\/uploads\/2024\/03\/aeropuertos-img-01-300x300.jpg 300w, https:\/\/redyteliot.info\/wp-content\/uploads\/2024\/03\/aeropuertos-img-01-150x150.jpg 150w, https:\/\/redyteliot.info\/wp-content\/uploads\/2024\/03\/aeropuertos-img-01-768x768.jpg 768w\" sizes=\"(max-width: 1024px) 100vw, 1024px\" \/>\t\t\t\t\t\t\t\t\t\t\t\t\t\t\t<\/div>\n\t\t\t\t\t<\/div>\n\t\t<\/div>\n\t\t\t\t\t<\/div>\n\t\t<\/section>\n\t\t\t\t\t<\/div>\n\t\t<\/div>\n\t\t\t\t\t<\/div>\n\t\t<\/section>\n\t\t\t\t<\/div>\n\t\t","protected":false},"excerpt":{"rendered":"<p>Airports Sensorization Redytel has been chosen by Aena for the sensorization work at 16 of the main airports in Spain. Learn more Project features Redytel will control the stream of people at the main airports in Spain. It is the result of the contract that we have obtained with AENA to implement an IOT network [&hellip;]<\/p>\n","protected":false},"author":1,"featured_media":0,"parent":3427,"menu_order":0,"comment_status":"closed","ping_status":"closed","template":"elementor_header_footer","meta":{"_acf_changed":false,"footnotes":""},"class_list":["post-4168","page","type-page","status-publish","hentry"],"acf":[],"yoast_head":"<!-- This site is optimized with the Yoast SEO plugin v27.2 - https:\/\/yoast.com\/product\/yoast-seo-wordpress\/ -->\n<title>Airports sensorization - REDYTEL IoT :: An\u00e1lisis de datos y soluciones inal\u00e1mbricas<\/title>\n<meta name=\"robots\" content=\"index, follow, max-snippet:-1, max-image-preview:large, max-video-preview:-1\" \/>\n<link rel=\"canonical\" href=\"https:\/\/redyteliot.info\/proyectos\/sensorizacion-de-aeropuertos\/\" \/>\n<meta property=\"og:locale\" content=\"en_US\" \/>\n<meta property=\"og:type\" content=\"article\" \/>\n<meta property=\"og:title\" content=\"Airports sensorization - REDYTEL IoT :: An\u00e1lisis de datos y soluciones inal\u00e1mbricas\" \/>\n<meta property=\"og:description\" content=\"Airports Sensorization Redytel has been chosen by Aena for the sensorization work at 16 of the main airports in Spain. Learn more Project features Redytel will control the stream of people at the main airports in Spain. It is the result of the contract that we have obtained with AENA to implement an IOT network [&hellip;]\" \/>\n<meta property=\"og:url\" content=\"https:\/\/redyteliot.info\/proyectos\/sensorizacion-de-aeropuertos\/\" \/>\n<meta property=\"og:site_name\" content=\"REDYTEL IoT :: An\u00e1lisis de datos y soluciones inal\u00e1mbricas\" \/>\n<meta property=\"article:publisher\" content=\"https:\/\/www.facebook.com\/redytelwimax\/\" \/>\n<meta property=\"article:modified_time\" content=\"2024-03-19T14:33:19+00:00\" \/>\n<meta property=\"og:image\" content=\"https:\/\/redyteliot.info\/wp-content\/uploads\/2024\/03\/aeropuertos-img-02.jpg\" \/>\n<meta name=\"twitter:card\" content=\"summary_large_image\" \/>\n<meta name=\"twitter:site\" content=\"@RedytelWimax\" \/>\n<meta name=\"twitter:label1\" content=\"Est. reading time\" \/>\n\t<meta name=\"twitter:data1\" content=\"1 minute\" \/>\n<script type=\"application\/ld+json\" class=\"yoast-schema-graph\">{\"@context\":\"https:\/\/schema.org\",\"@graph\":[{\"@type\":\"WebPage\",\"@id\":\"https:\/\/redyteliot.info\/proyectos\/sensorizacion-de-aeropuertos\/\",\"url\":\"https:\/\/redyteliot.info\/proyectos\/sensorizacion-de-aeropuertos\/\",\"name\":\"Airports sensorization - REDYTEL IoT :: An\u00e1lisis de datos y soluciones inal\u00e1mbricas\",\"isPartOf\":{\"@id\":\"https:\/\/redyteliot.info\/#website\"},\"primaryImageOfPage\":{\"@id\":\"https:\/\/redyteliot.info\/proyectos\/sensorizacion-de-aeropuertos\/#primaryimage\"},\"image\":{\"@id\":\"https:\/\/redyteliot.info\/proyectos\/sensorizacion-de-aeropuertos\/#primaryimage\"},\"thumbnailUrl\":\"https:\/\/redyteliot.info\/wp-content\/uploads\/2024\/03\/aeropuertos-img-02.jpg\",\"datePublished\":\"2024-03-18T21:40:52+00:00\",\"dateModified\":\"2024-03-19T14:33:19+00:00\",\"breadcrumb\":{\"@id\":\"https:\/\/redyteliot.info\/proyectos\/sensorizacion-de-aeropuertos\/#breadcrumb\"},\"inLanguage\":\"en-US\",\"potentialAction\":[{\"@type\":\"ReadAction\",\"target\":[\"https:\/\/redyteliot.info\/proyectos\/sensorizacion-de-aeropuertos\/\"]}]},{\"@type\":\"ImageObject\",\"inLanguage\":\"en-US\",\"@id\":\"https:\/\/redyteliot.info\/proyectos\/sensorizacion-de-aeropuertos\/#primaryimage\",\"url\":\"https:\/\/redyteliot.info\/wp-content\/uploads\/2024\/03\/aeropuertos-img-02.jpg\",\"contentUrl\":\"https:\/\/redyteliot.info\/wp-content\/uploads\/2024\/03\/aeropuertos-img-02.jpg\"},{\"@type\":\"BreadcrumbList\",\"@id\":\"https:\/\/redyteliot.info\/proyectos\/sensorizacion-de-aeropuertos\/#breadcrumb\",\"itemListElement\":[{\"@type\":\"ListItem\",\"position\":1,\"name\":\"Inicio\",\"item\":\"https:\/\/redyteliot.info\/\"},{\"@type\":\"ListItem\",\"position\":2,\"name\":\"Projects\",\"item\":\"https:\/\/redyteliot.info\/en\/projects\/\"},{\"@type\":\"ListItem\",\"position\":3,\"name\":\"Airports sensorization\"}]},{\"@type\":\"WebSite\",\"@id\":\"https:\/\/redyteliot.info\/#website\",\"url\":\"https:\/\/redyteliot.info\/\",\"name\":\"REDYTEL IoT :: An\u00e1lisis de datos y soluciones inal\u00e1mbricas\",\"description\":\"Ingenier\u00eda propia tanto de hardware como software; trabajamos con c\u00f3digos abiertos\",\"publisher\":{\"@id\":\"https:\/\/redyteliot.info\/#organization\"},\"potentialAction\":[{\"@type\":\"SearchAction\",\"target\":{\"@type\":\"EntryPoint\",\"urlTemplate\":\"https:\/\/redyteliot.info\/?s={search_term_string}\"},\"query-input\":{\"@type\":\"PropertyValueSpecification\",\"valueRequired\":true,\"valueName\":\"search_term_string\"}}],\"inLanguage\":\"en-US\"},{\"@type\":\"Organization\",\"@id\":\"https:\/\/redyteliot.info\/#organization\",\"name\":\"REDYTEL IoT\",\"url\":\"https:\/\/redyteliot.info\/\",\"logo\":{\"@type\":\"ImageObject\",\"inLanguage\":\"en-US\",\"@id\":\"https:\/\/redyteliot.info\/#\/schema\/logo\/image\/\",\"url\":\"https:\/\/redyteliot.info\/wp-content\/uploads\/2020\/11\/redytel-logo.jpg\",\"contentUrl\":\"https:\/\/redyteliot.info\/wp-content\/uploads\/2020\/11\/redytel-logo.jpg\",\"width\":660,\"height\":592,\"caption\":\"REDYTEL IoT\"},\"image\":{\"@id\":\"https:\/\/redyteliot.info\/#\/schema\/logo\/image\/\"},\"sameAs\":[\"https:\/\/www.facebook.com\/redytelwimax\/\",\"https:\/\/x.com\/RedytelWimax\",\"https:\/\/www.instagram.com\/redytelwimax\/\",\"https:\/\/www.linkedin.com\/company\/redytel-wimax-sl\/\",\"https:\/\/www.youtube.com\/channel\/UCnTkpfrvV4Ek77W7qfPBxlw\"]}]}<\/script>\n<!-- \/ Yoast SEO plugin. -->","yoast_head_json":{"title":"Airports sensorization - REDYTEL IoT :: An\u00e1lisis de datos y soluciones inal\u00e1mbricas","robots":{"index":"index","follow":"follow","max-snippet":"max-snippet:-1","max-image-preview":"max-image-preview:large","max-video-preview":"max-video-preview:-1"},"canonical":"https:\/\/redyteliot.info\/proyectos\/sensorizacion-de-aeropuertos\/","og_locale":"en_US","og_type":"article","og_title":"Airports sensorization - REDYTEL IoT :: An\u00e1lisis de datos y soluciones inal\u00e1mbricas","og_description":"Airports Sensorization Redytel has been chosen by Aena for the sensorization work at 16 of the main airports in Spain. Learn more Project features Redytel will control the stream of people at the main airports in Spain. It is the result of the contract that we have obtained with AENA to implement an IOT network [&hellip;]","og_url":"https:\/\/redyteliot.info\/proyectos\/sensorizacion-de-aeropuertos\/","og_site_name":"REDYTEL IoT :: An\u00e1lisis de datos y soluciones inal\u00e1mbricas","article_publisher":"https:\/\/www.facebook.com\/redytelwimax\/","article_modified_time":"2024-03-19T14:33:19+00:00","og_image":[{"url":"https:\/\/redyteliot.info\/wp-content\/uploads\/2024\/03\/aeropuertos-img-02.jpg","type":"","width":"","height":""}],"twitter_card":"summary_large_image","twitter_site":"@RedytelWimax","twitter_misc":{"Est. reading time":"1 minute"},"schema":{"@context":"https:\/\/schema.org","@graph":[{"@type":"WebPage","@id":"https:\/\/redyteliot.info\/proyectos\/sensorizacion-de-aeropuertos\/","url":"https:\/\/redyteliot.info\/proyectos\/sensorizacion-de-aeropuertos\/","name":"Airports sensorization - REDYTEL IoT :: An\u00e1lisis de datos y soluciones inal\u00e1mbricas","isPartOf":{"@id":"https:\/\/redyteliot.info\/#website"},"primaryImageOfPage":{"@id":"https:\/\/redyteliot.info\/proyectos\/sensorizacion-de-aeropuertos\/#primaryimage"},"image":{"@id":"https:\/\/redyteliot.info\/proyectos\/sensorizacion-de-aeropuertos\/#primaryimage"},"thumbnailUrl":"https:\/\/redyteliot.info\/wp-content\/uploads\/2024\/03\/aeropuertos-img-02.jpg","datePublished":"2024-03-18T21:40:52+00:00","dateModified":"2024-03-19T14:33:19+00:00","breadcrumb":{"@id":"https:\/\/redyteliot.info\/proyectos\/sensorizacion-de-aeropuertos\/#breadcrumb"},"inLanguage":"en-US","potentialAction":[{"@type":"ReadAction","target":["https:\/\/redyteliot.info\/proyectos\/sensorizacion-de-aeropuertos\/"]}]},{"@type":"ImageObject","inLanguage":"en-US","@id":"https:\/\/redyteliot.info\/proyectos\/sensorizacion-de-aeropuertos\/#primaryimage","url":"https:\/\/redyteliot.info\/wp-content\/uploads\/2024\/03\/aeropuertos-img-02.jpg","contentUrl":"https:\/\/redyteliot.info\/wp-content\/uploads\/2024\/03\/aeropuertos-img-02.jpg"},{"@type":"BreadcrumbList","@id":"https:\/\/redyteliot.info\/proyectos\/sensorizacion-de-aeropuertos\/#breadcrumb","itemListElement":[{"@type":"ListItem","position":1,"name":"Inicio","item":"https:\/\/redyteliot.info\/"},{"@type":"ListItem","position":2,"name":"Projects","item":"https:\/\/redyteliot.info\/en\/projects\/"},{"@type":"ListItem","position":3,"name":"Airports sensorization"}]},{"@type":"WebSite","@id":"https:\/\/redyteliot.info\/#website","url":"https:\/\/redyteliot.info\/","name":"REDYTEL IoT :: An\u00e1lisis de datos y soluciones inal\u00e1mbricas","description":"Ingenier\u00eda propia tanto de hardware como software; trabajamos con c\u00f3digos abiertos","publisher":{"@id":"https:\/\/redyteliot.info\/#organization"},"potentialAction":[{"@type":"SearchAction","target":{"@type":"EntryPoint","urlTemplate":"https:\/\/redyteliot.info\/?s={search_term_string}"},"query-input":{"@type":"PropertyValueSpecification","valueRequired":true,"valueName":"search_term_string"}}],"inLanguage":"en-US"},{"@type":"Organization","@id":"https:\/\/redyteliot.info\/#organization","name":"REDYTEL IoT","url":"https:\/\/redyteliot.info\/","logo":{"@type":"ImageObject","inLanguage":"en-US","@id":"https:\/\/redyteliot.info\/#\/schema\/logo\/image\/","url":"https:\/\/redyteliot.info\/wp-content\/uploads\/2020\/11\/redytel-logo.jpg","contentUrl":"https:\/\/redyteliot.info\/wp-content\/uploads\/2020\/11\/redytel-logo.jpg","width":660,"height":592,"caption":"REDYTEL IoT"},"image":{"@id":"https:\/\/redyteliot.info\/#\/schema\/logo\/image\/"},"sameAs":["https:\/\/www.facebook.com\/redytelwimax\/","https:\/\/x.com\/RedytelWimax","https:\/\/www.instagram.com\/redytelwimax\/","https:\/\/www.linkedin.com\/company\/redytel-wimax-sl\/","https:\/\/www.youtube.com\/channel\/UCnTkpfrvV4Ek77W7qfPBxlw"]}]}},"_links":{"self":[{"href":"https:\/\/redyteliot.info\/en\/wp-json\/wp\/v2\/pages\/4168","targetHints":{"allow":["GET"]}}],"collection":[{"href":"https:\/\/redyteliot.info\/en\/wp-json\/wp\/v2\/pages"}],"about":[{"href":"https:\/\/redyteliot.info\/en\/wp-json\/wp\/v2\/types\/page"}],"author":[{"embeddable":true,"href":"https:\/\/redyteliot.info\/en\/wp-json\/wp\/v2\/users\/1"}],"replies":[{"embeddable":true,"href":"https:\/\/redyteliot.info\/en\/wp-json\/wp\/v2\/comments?post=4168"}],"version-history":[{"count":2,"href":"https:\/\/redyteliot.info\/en\/wp-json\/wp\/v2\/pages\/4168\/revisions"}],"predecessor-version":[{"id":4179,"href":"https:\/\/redyteliot.info\/en\/wp-json\/wp\/v2\/pages\/4168\/revisions\/4179"}],"up":[{"embeddable":true,"href":"https:\/\/redyteliot.info\/en\/wp-json\/wp\/v2\/pages\/3427"}],"wp:attachment":[{"href":"https:\/\/redyteliot.info\/en\/wp-json\/wp\/v2\/media?parent=4168"}],"curies":[{"name":"wp","href":"https:\/\/api.w.org\/{rel}","templated":true}]}}