{"id":3797,"date":"2021-07-05T12:19:53","date_gmt":"2021-07-05T10:19:53","guid":{"rendered":"https:\/\/redyteliot.info\/redytel-lab\/"},"modified":"2021-07-16T15:10:04","modified_gmt":"2021-07-16T13:10:04","slug":"redytel-lab","status":"publish","type":"page","link":"https:\/\/redyteliot.info\/en\/redytel-lab\/","title":{"rendered":"Redytel Lab"},"content":{"rendered":"\t\t<div data-elementor-type=\"wp-page\" data-elementor-id=\"3797\" class=\"elementor elementor-3797 elementor-3726\" data-elementor-post-type=\"page\">\n\t\t\t\t\t\t<section class=\"elementor-section elementor-top-section elementor-element elementor-element-f02b5d2 elementor-section-height-min-height animated-fast elementor-section-boxed elementor-section-height-default elementor-section-items-middle\" data-id=\"f02b5d2\" data-element_type=\"section\" data-e-type=\"section\" data-settings=\"{&quot;background_background&quot;:&quot;classic&quot;,&quot;animation&quot;:&quot;none&quot;}\">\n\t\t\t\t\t\t\t<div class=\"elementor-background-overlay\"><\/div>\n\t\t\t\t\t\t\t<div class=\"elementor-container elementor-column-gap-default\">\n\t\t\t\t\t<div class=\"elementor-column elementor-col-100 elementor-top-column elementor-element elementor-element-bd4c6e7\" data-id=\"bd4c6e7\" data-element_type=\"column\" data-e-type=\"column\">\n\t\t\t<div class=\"elementor-widget-wrap elementor-element-populated\">\n\t\t\t\t\t\t<div class=\"elementor-element elementor-element-fd4c956 elementor-invisible elementor-widget elementor-widget-heading\" data-id=\"fd4c956\" data-element_type=\"widget\" data-e-type=\"widget\" data-settings=\"{&quot;_animation&quot;:&quot;fadeInUp&quot;}\" data-widget_type=\"heading.default\">\n\t\t\t\t\t<h1 class=\"elementor-heading-title elementor-size-default\">Redytel Lab<\/h1>\t\t\t\t<\/div>\n\t\t\t\t<div class=\"elementor-element elementor-element-a5bebfc elementor-invisible elementor-widget elementor-widget-text-editor\" data-id=\"a5bebfc\" data-element_type=\"widget\" data-e-type=\"widget\" data-settings=\"{&quot;_animation&quot;:&quot;fadeInUp&quot;}\" data-widget_type=\"text-editor.default\">\n\t\t\t\t\t\t\t\t\t<p>Lab programme is Redytel&#8217;s collaboration agreement with national and international universities. The programme is focused on training and development.<\/p>\n\t\t\t\t\t\t\t\t<\/div>\n\t\t\t\t\t<\/div>\n\t\t<\/div>\n\t\t\t\t\t<\/div>\n\t\t<\/section>\n\t\t\t\t<section class=\"elementor-section elementor-top-section elementor-element elementor-element-3454481 elementor-section-boxed elementor-section-height-default elementor-section-height-default\" data-id=\"3454481\" data-element_type=\"section\" data-e-type=\"section\">\n\t\t\t\t\t\t<div class=\"elementor-container elementor-column-gap-default\">\n\t\t\t\t\t<div class=\"elementor-column elementor-col-50 elementor-top-column elementor-element elementor-element-7e55fd1\" data-id=\"7e55fd1\" data-element_type=\"column\" data-e-type=\"column\">\n\t\t\t<div class=\"elementor-widget-wrap elementor-element-populated\">\n\t\t\t\t\t\t<div class=\"elementor-element elementor-element-e8ee8d9 elementor-widget elementor-widget-text-editor\" data-id=\"e8ee8d9\" data-element_type=\"widget\" data-e-type=\"widget\" data-widget_type=\"text-editor.default\">\n\t\t\t\t\t\t\t\t\t<p>We have always tried to encourage the work of research students. Based on the identification of relevant aspects related to university projects development, Redytel&#8217;s Lab it&#8217;s our way to  offer our resources, bring innovative tools and support the students in the search of an ideal framework for promoting new ideas. <\/p>\n<p>The purpose of Redytel&#8217;s Lab is to provide assistance in the academic field of new technologies, analyze with the students possible ways of work and consolidate their proposals.<\/p>\n\t\t\t\t\t\t\t\t<\/div>\n\t\t\t\t<div class=\"elementor-element elementor-element-8fdb807 elementor-widget elementor-widget-image\" data-id=\"8fdb807\" data-element_type=\"widget\" data-e-type=\"widget\" data-widget_type=\"image.default\">\n\t\t\t\t\t\t\t\t\t\t\t\t\t\t\t<img fetchpriority=\"high\" decoding=\"async\" width=\"700\" height=\"700\" src=\"https:\/\/redyteliot.info\/wp-content\/uploads\/2021\/07\/redytel-labl-featured-item-02.jpg\" class=\"attachment-large size-large wp-image-3756\" alt=\"\" srcset=\"https:\/\/redyteliot.info\/wp-content\/uploads\/2021\/07\/redytel-labl-featured-item-02.jpg 700w, https:\/\/redyteliot.info\/wp-content\/uploads\/2021\/07\/redytel-labl-featured-item-02-300x300.jpg 300w, https:\/\/redyteliot.info\/wp-content\/uploads\/2021\/07\/redytel-labl-featured-item-02-150x150.jpg 150w\" sizes=\"(max-width: 700px) 100vw, 700px\" \/>\t\t\t\t\t\t\t\t\t\t\t\t\t\t\t<\/div>\n\t\t\t\t\t<\/div>\n\t\t<\/div>\n\t\t\t\t<div class=\"elementor-column elementor-col-50 elementor-top-column elementor-element elementor-element-0af3eed\" data-id=\"0af3eed\" data-element_type=\"column\" data-e-type=\"column\">\n\t\t\t<div class=\"elementor-widget-wrap elementor-element-populated\">\n\t\t\t\t\t\t<div class=\"elementor-element elementor-element-9d508e3 elementor-widget elementor-widget-image\" data-id=\"9d508e3\" data-element_type=\"widget\" data-e-type=\"widget\" data-widget_type=\"image.default\">\n\t\t\t\t\t\t\t\t\t\t\t\t\t\t\t<img decoding=\"async\" width=\"700\" height=\"700\" src=\"https:\/\/redyteliot.info\/wp-content\/uploads\/2021\/07\/redytel-labl-featured-item-01.jpg\" class=\"attachment-large size-large wp-image-3751\" alt=\"\" srcset=\"https:\/\/redyteliot.info\/wp-content\/uploads\/2021\/07\/redytel-labl-featured-item-01.jpg 700w, https:\/\/redyteliot.info\/wp-content\/uploads\/2021\/07\/redytel-labl-featured-item-01-300x300.jpg 300w, https:\/\/redyteliot.info\/wp-content\/uploads\/2021\/07\/redytel-labl-featured-item-01-150x150.jpg 150w\" sizes=\"(max-width: 700px) 100vw, 700px\" \/>\t\t\t\t\t\t\t\t\t\t\t\t\t\t\t<\/div>\n\t\t\t\t<div class=\"elementor-element elementor-element-cea68eb elementor-widget elementor-widget-text-editor\" data-id=\"cea68eb\" data-element_type=\"widget\" data-e-type=\"widget\" data-widget_type=\"text-editor.default\">\n\t\t\t\t\t\t\t\t\t<p>Some of the schools and universities we work with are Univerisity of Leon, UNED, Campus de Lugo USC, International Research University &#8211; Utrecht University and CARTIF&#8217;s Technology Centre.<\/p>\n<p>If you are interested in obtaining more information about Redytel&#8217;s Lab, do not hesitate to <a href=\"https:\/\/redyteliot.info\/en\/contact\/\">contact us<\/a> or talk quietly about all our services. <\/p>\n\t\t\t\t\t\t\t\t<\/div>\n\t\t\t\t\t<\/div>\n\t\t<\/div>\n\t\t\t\t\t<\/div>\n\t\t<\/section>\n\t\t\t\t<section class=\"elementor-section elementor-top-section elementor-element elementor-element-7b281df elementor-section-boxed elementor-section-height-default elementor-section-height-default\" data-id=\"7b281df\" data-element_type=\"section\" data-e-type=\"section\">\n\t\t\t\t\t\t<div class=\"elementor-container elementor-column-gap-default\">\n\t\t\t\t\t<div class=\"elementor-column elementor-col-100 elementor-top-column elementor-element elementor-element-8ddba12\" data-id=\"8ddba12\" data-element_type=\"column\" data-e-type=\"column\">\n\t\t\t<div class=\"elementor-widget-wrap elementor-element-populated\">\n\t\t\t\t\t\t<div class=\"elementor-element elementor-element-86e20e4 elementor-widget-divider--view-line_text elementor-widget-divider--element-align-center elementor-widget elementor-widget-divider\" data-id=\"86e20e4\" data-element_type=\"widget\" data-e-type=\"widget\" data-widget_type=\"divider.default\">\n\t\t\t\t\t\t\t<div class=\"elementor-divider\">\n\t\t\t<span class=\"elementor-divider-separator\">\n\t\t\t\t\t\t\t<span class=\"elementor-divider__text elementor-divider__element\">\n\t\t\t\tCollaborating Centres\t\t\t\t<\/span>\n\t\t\t\t\t\t<\/span>\n\t\t<\/div>\n\t\t\t\t\t\t<\/div>\n\t\t\t\t<div class=\"elementor-element elementor-element-922e06c elementor-widget elementor-widget-image-carousel\" data-id=\"922e06c\" data-element_type=\"widget\" data-e-type=\"widget\" data-settings=\"{&quot;slides_to_show&quot;:&quot;5&quot;,&quot;slides_to_show_tablet&quot;:&quot;5&quot;,&quot;slides_to_show_mobile&quot;:&quot;3&quot;,&quot;navigation&quot;:&quot;none&quot;,&quot;autoplay&quot;:&quot;yes&quot;,&quot;pause_on_hover&quot;:&quot;yes&quot;,&quot;pause_on_interaction&quot;:&quot;yes&quot;,&quot;autoplay_speed&quot;:5000,&quot;infinite&quot;:&quot;yes&quot;,&quot;speed&quot;:500}\" data-widget_type=\"image-carousel.default\">\n\t\t\t\t\t\t\t<div class=\"elementor-image-carousel-wrapper swiper\" role=\"region\" aria-roledescription=\"carousel\" aria-label=\"Image Carousel\" dir=\"ltr\">\n\t\t\t<div class=\"elementor-image-carousel swiper-wrapper\" aria-live=\"off\">\n\t\t\t\t\t\t\t\t<div class=\"swiper-slide\" role=\"group\" aria-roledescription=\"slide\" aria-label=\"1 of 5\"><figure class=\"swiper-slide-inner\"><img decoding=\"async\" class=\"swiper-slide-image\" src=\"https:\/\/redyteliot.info\/wp-content\/uploads\/2021\/07\/redytel-lab-logo-01-300x300.png\" alt=\"redytel-lab-logo-01\" \/><\/figure><\/div><div class=\"swiper-slide\" role=\"group\" aria-roledescription=\"slide\" aria-label=\"2 of 5\"><figure class=\"swiper-slide-inner\"><img decoding=\"async\" class=\"swiper-slide-image\" src=\"https:\/\/redyteliot.info\/wp-content\/uploads\/2021\/07\/redytel-lab-logo-02-300x300.png\" alt=\"redytel-lab-logo-02\" \/><\/figure><\/div><div class=\"swiper-slide\" role=\"group\" aria-roledescription=\"slide\" aria-label=\"3 of 5\"><figure class=\"swiper-slide-inner\"><img decoding=\"async\" class=\"swiper-slide-image\" src=\"https:\/\/redyteliot.info\/wp-content\/uploads\/2021\/07\/redytel-lab-logo-03-300x300.png\" alt=\"redytel-lab-logo-03\" \/><\/figure><\/div><div class=\"swiper-slide\" role=\"group\" aria-roledescription=\"slide\" aria-label=\"4 of 5\"><figure class=\"swiper-slide-inner\"><img decoding=\"async\" class=\"swiper-slide-image\" src=\"https:\/\/redyteliot.info\/wp-content\/uploads\/2021\/07\/redytel-lab-logo-04-300x300.png\" alt=\"redytel-lab-logo-04\" \/><\/figure><\/div><div class=\"swiper-slide\" role=\"group\" aria-roledescription=\"slide\" aria-label=\"5 of 5\"><figure class=\"swiper-slide-inner\"><img decoding=\"async\" class=\"swiper-slide-image\" src=\"https:\/\/redyteliot.info\/wp-content\/uploads\/2021\/07\/redytel-lab-logo-05-300x300.png\" alt=\"redytel-lab-logo-05\" \/><\/figure><\/div>\t\t\t<\/div>\n\t\t\t\t\t\t\t\n\t\t\t\t\t\t\t\t\t<\/div>\n\t\t\t\t\t\t<\/div>\n\t\t\t\t\t<\/div>\n\t\t<\/div>\n\t\t\t\t\t<\/div>\n\t\t<\/section>\n\t\t\t\t<\/div>\n\t\t","protected":false},"excerpt":{"rendered":"<p>Redytel Lab Lab programme is Redytel&#8217;s collaboration agreement with national and international universities. The programme is focused on training and development. We have always tried to encourage the work of research students. Based on the identification of relevant aspects related to university projects development, Redytel&#8217;s Lab it&#8217;s our way to offer our resources, bring innovative [&hellip;]<\/p>\n","protected":false},"author":1,"featured_media":3742,"parent":0,"menu_order":0,"comment_status":"closed","ping_status":"closed","template":"elementor_header_footer","meta":{"_acf_changed":false,"footnotes":""},"class_list":["post-3797","page","type-page","status-publish","has-post-thumbnail","hentry"],"acf":[],"yoast_head":"<!-- This site is optimized with the Yoast SEO plugin v27.2 - https:\/\/yoast.com\/product\/yoast-seo-wordpress\/ -->\n<title>Redytel Lab - REDYTEL IoT :: An\u00e1lisis de datos y soluciones inal\u00e1mbricas<\/title>\n<meta name=\"robots\" content=\"index, follow, max-snippet:-1, max-image-preview:large, max-video-preview:-1\" \/>\n<link rel=\"canonical\" href=\"https:\/\/redyteliot.info\/en\/redytel-lab\/\" \/>\n<meta property=\"og:locale\" content=\"en_US\" \/>\n<meta property=\"og:type\" content=\"article\" \/>\n<meta property=\"og:title\" content=\"Redytel Lab - REDYTEL IoT :: An\u00e1lisis de datos y soluciones inal\u00e1mbricas\" \/>\n<meta property=\"og:description\" content=\"Redytel Lab Lab programme is Redytel&#8217;s collaboration agreement with national and international universities. The programme is focused on training and development. We have always tried to encourage the work of research students. Based on the identification of relevant aspects related to university projects development, Redytel&#8217;s Lab it&#8217;s our way to offer our resources, bring innovative [&hellip;]\" \/>\n<meta property=\"og:url\" content=\"https:\/\/redyteliot.info\/en\/redytel-lab\/\" \/>\n<meta property=\"og:site_name\" content=\"REDYTEL IoT :: An\u00e1lisis de datos y soluciones inal\u00e1mbricas\" \/>\n<meta property=\"article:publisher\" content=\"https:\/\/www.facebook.com\/redytelwimax\/\" \/>\n<meta property=\"article:modified_time\" content=\"2021-07-16T13:10:04+00:00\" \/>\n<meta property=\"og:image\" content=\"https:\/\/redyteliot.info\/wp-content\/uploads\/2021\/07\/redytel-labl-header-01.jpg\" \/>\n\t<meta property=\"og:image:width\" content=\"1920\" \/>\n\t<meta property=\"og:image:height\" content=\"1080\" \/>\n\t<meta property=\"og:image:type\" content=\"image\/jpeg\" \/>\n<meta name=\"twitter:card\" content=\"summary_large_image\" \/>\n<meta name=\"twitter:site\" content=\"@RedytelWimax\" \/>\n<meta name=\"twitter:label1\" content=\"Est. reading time\" \/>\n\t<meta name=\"twitter:data1\" content=\"1 minute\" \/>\n<script type=\"application\/ld+json\" class=\"yoast-schema-graph\">{\"@context\":\"https:\/\/schema.org\",\"@graph\":[{\"@type\":\"WebPage\",\"@id\":\"https:\/\/redyteliot.info\/en\/redytel-lab\/\",\"url\":\"https:\/\/redyteliot.info\/en\/redytel-lab\/\",\"name\":\"Redytel Lab - REDYTEL IoT :: An\u00e1lisis de datos y soluciones inal\u00e1mbricas\",\"isPartOf\":{\"@id\":\"https:\/\/redyteliot.info\/#website\"},\"primaryImageOfPage\":{\"@id\":\"https:\/\/redyteliot.info\/en\/redytel-lab\/#primaryimage\"},\"image\":{\"@id\":\"https:\/\/redyteliot.info\/en\/redytel-lab\/#primaryimage\"},\"thumbnailUrl\":\"https:\/\/redyteliot.info\/wp-content\/uploads\/2021\/07\/redytel-labl-header-01.jpg\",\"datePublished\":\"2021-07-05T10:19:53+00:00\",\"dateModified\":\"2021-07-16T13:10:04+00:00\",\"breadcrumb\":{\"@id\":\"https:\/\/redyteliot.info\/en\/redytel-lab\/#breadcrumb\"},\"inLanguage\":\"en-US\",\"potentialAction\":[{\"@type\":\"ReadAction\",\"target\":[\"https:\/\/redyteliot.info\/en\/redytel-lab\/\"]}]},{\"@type\":\"ImageObject\",\"inLanguage\":\"en-US\",\"@id\":\"https:\/\/redyteliot.info\/en\/redytel-lab\/#primaryimage\",\"url\":\"https:\/\/redyteliot.info\/wp-content\/uploads\/2021\/07\/redytel-labl-header-01.jpg\",\"contentUrl\":\"https:\/\/redyteliot.info\/wp-content\/uploads\/2021\/07\/redytel-labl-header-01.jpg\",\"width\":1920,\"height\":1080},{\"@type\":\"BreadcrumbList\",\"@id\":\"https:\/\/redyteliot.info\/en\/redytel-lab\/#breadcrumb\",\"itemListElement\":[{\"@type\":\"ListItem\",\"position\":1,\"name\":\"Inicio\",\"item\":\"https:\/\/redyteliot.info\/\"},{\"@type\":\"ListItem\",\"position\":2,\"name\":\"Redytel Lab\"}]},{\"@type\":\"WebSite\",\"@id\":\"https:\/\/redyteliot.info\/#website\",\"url\":\"https:\/\/redyteliot.info\/\",\"name\":\"REDYTEL IoT :: An\u00e1lisis de datos y soluciones inal\u00e1mbricas\",\"description\":\"Ingenier\u00eda propia tanto de hardware como software; trabajamos con c\u00f3digos abiertos\",\"publisher\":{\"@id\":\"https:\/\/redyteliot.info\/#organization\"},\"potentialAction\":[{\"@type\":\"SearchAction\",\"target\":{\"@type\":\"EntryPoint\",\"urlTemplate\":\"https:\/\/redyteliot.info\/?s={search_term_string}\"},\"query-input\":{\"@type\":\"PropertyValueSpecification\",\"valueRequired\":true,\"valueName\":\"search_term_string\"}}],\"inLanguage\":\"en-US\"},{\"@type\":\"Organization\",\"@id\":\"https:\/\/redyteliot.info\/#organization\",\"name\":\"REDYTEL IoT\",\"url\":\"https:\/\/redyteliot.info\/\",\"logo\":{\"@type\":\"ImageObject\",\"inLanguage\":\"en-US\",\"@id\":\"https:\/\/redyteliot.info\/#\/schema\/logo\/image\/\",\"url\":\"https:\/\/redyteliot.info\/wp-content\/uploads\/2020\/11\/redytel-logo.jpg\",\"contentUrl\":\"https:\/\/redyteliot.info\/wp-content\/uploads\/2020\/11\/redytel-logo.jpg\",\"width\":660,\"height\":592,\"caption\":\"REDYTEL IoT\"},\"image\":{\"@id\":\"https:\/\/redyteliot.info\/#\/schema\/logo\/image\/\"},\"sameAs\":[\"https:\/\/www.facebook.com\/redytelwimax\/\",\"https:\/\/x.com\/RedytelWimax\",\"https:\/\/www.instagram.com\/redytelwimax\/\",\"https:\/\/www.linkedin.com\/company\/redytel-wimax-sl\/\",\"https:\/\/www.youtube.com\/channel\/UCnTkpfrvV4Ek77W7qfPBxlw\"]}]}<\/script>\n<!-- \/ Yoast SEO plugin. -->","yoast_head_json":{"title":"Redytel Lab - REDYTEL IoT :: An\u00e1lisis de datos y soluciones inal\u00e1mbricas","robots":{"index":"index","follow":"follow","max-snippet":"max-snippet:-1","max-image-preview":"max-image-preview:large","max-video-preview":"max-video-preview:-1"},"canonical":"https:\/\/redyteliot.info\/en\/redytel-lab\/","og_locale":"en_US","og_type":"article","og_title":"Redytel Lab - REDYTEL IoT :: An\u00e1lisis de datos y soluciones inal\u00e1mbricas","og_description":"Redytel Lab Lab programme is Redytel&#8217;s collaboration agreement with national and international universities. The programme is focused on training and development. We have always tried to encourage the work of research students. Based on the identification of relevant aspects related to university projects development, Redytel&#8217;s Lab it&#8217;s our way to offer our resources, bring innovative [&hellip;]","og_url":"https:\/\/redyteliot.info\/en\/redytel-lab\/","og_site_name":"REDYTEL IoT :: An\u00e1lisis de datos y soluciones inal\u00e1mbricas","article_publisher":"https:\/\/www.facebook.com\/redytelwimax\/","article_modified_time":"2021-07-16T13:10:04+00:00","og_image":[{"width":1920,"height":1080,"url":"https:\/\/redyteliot.info\/wp-content\/uploads\/2021\/07\/redytel-labl-header-01.jpg","type":"image\/jpeg"}],"twitter_card":"summary_large_image","twitter_site":"@RedytelWimax","twitter_misc":{"Est. reading time":"1 minute"},"schema":{"@context":"https:\/\/schema.org","@graph":[{"@type":"WebPage","@id":"https:\/\/redyteliot.info\/en\/redytel-lab\/","url":"https:\/\/redyteliot.info\/en\/redytel-lab\/","name":"Redytel Lab - REDYTEL IoT :: An\u00e1lisis de datos y soluciones inal\u00e1mbricas","isPartOf":{"@id":"https:\/\/redyteliot.info\/#website"},"primaryImageOfPage":{"@id":"https:\/\/redyteliot.info\/en\/redytel-lab\/#primaryimage"},"image":{"@id":"https:\/\/redyteliot.info\/en\/redytel-lab\/#primaryimage"},"thumbnailUrl":"https:\/\/redyteliot.info\/wp-content\/uploads\/2021\/07\/redytel-labl-header-01.jpg","datePublished":"2021-07-05T10:19:53+00:00","dateModified":"2021-07-16T13:10:04+00:00","breadcrumb":{"@id":"https:\/\/redyteliot.info\/en\/redytel-lab\/#breadcrumb"},"inLanguage":"en-US","potentialAction":[{"@type":"ReadAction","target":["https:\/\/redyteliot.info\/en\/redytel-lab\/"]}]},{"@type":"ImageObject","inLanguage":"en-US","@id":"https:\/\/redyteliot.info\/en\/redytel-lab\/#primaryimage","url":"https:\/\/redyteliot.info\/wp-content\/uploads\/2021\/07\/redytel-labl-header-01.jpg","contentUrl":"https:\/\/redyteliot.info\/wp-content\/uploads\/2021\/07\/redytel-labl-header-01.jpg","width":1920,"height":1080},{"@type":"BreadcrumbList","@id":"https:\/\/redyteliot.info\/en\/redytel-lab\/#breadcrumb","itemListElement":[{"@type":"ListItem","position":1,"name":"Inicio","item":"https:\/\/redyteliot.info\/"},{"@type":"ListItem","position":2,"name":"Redytel Lab"}]},{"@type":"WebSite","@id":"https:\/\/redyteliot.info\/#website","url":"https:\/\/redyteliot.info\/","name":"REDYTEL IoT :: An\u00e1lisis de datos y soluciones inal\u00e1mbricas","description":"Ingenier\u00eda propia tanto de hardware como software; trabajamos con c\u00f3digos abiertos","publisher":{"@id":"https:\/\/redyteliot.info\/#organization"},"potentialAction":[{"@type":"SearchAction","target":{"@type":"EntryPoint","urlTemplate":"https:\/\/redyteliot.info\/?s={search_term_string}"},"query-input":{"@type":"PropertyValueSpecification","valueRequired":true,"valueName":"search_term_string"}}],"inLanguage":"en-US"},{"@type":"Organization","@id":"https:\/\/redyteliot.info\/#organization","name":"REDYTEL IoT","url":"https:\/\/redyteliot.info\/","logo":{"@type":"ImageObject","inLanguage":"en-US","@id":"https:\/\/redyteliot.info\/#\/schema\/logo\/image\/","url":"https:\/\/redyteliot.info\/wp-content\/uploads\/2020\/11\/redytel-logo.jpg","contentUrl":"https:\/\/redyteliot.info\/wp-content\/uploads\/2020\/11\/redytel-logo.jpg","width":660,"height":592,"caption":"REDYTEL IoT"},"image":{"@id":"https:\/\/redyteliot.info\/#\/schema\/logo\/image\/"},"sameAs":["https:\/\/www.facebook.com\/redytelwimax\/","https:\/\/x.com\/RedytelWimax","https:\/\/www.instagram.com\/redytelwimax\/","https:\/\/www.linkedin.com\/company\/redytel-wimax-sl\/","https:\/\/www.youtube.com\/channel\/UCnTkpfrvV4Ek77W7qfPBxlw"]}]}},"_links":{"self":[{"href":"https:\/\/redyteliot.info\/en\/wp-json\/wp\/v2\/pages\/3797","targetHints":{"allow":["GET"]}}],"collection":[{"href":"https:\/\/redyteliot.info\/en\/wp-json\/wp\/v2\/pages"}],"about":[{"href":"https:\/\/redyteliot.info\/en\/wp-json\/wp\/v2\/types\/page"}],"author":[{"embeddable":true,"href":"https:\/\/redyteliot.info\/en\/wp-json\/wp\/v2\/users\/1"}],"replies":[{"embeddable":true,"href":"https:\/\/redyteliot.info\/en\/wp-json\/wp\/v2\/comments?post=3797"}],"version-history":[{"count":0,"href":"https:\/\/redyteliot.info\/en\/wp-json\/wp\/v2\/pages\/3797\/revisions"}],"wp:featuredmedia":[{"embeddable":true,"href":"https:\/\/redyteliot.info\/en\/wp-json\/wp\/v2\/media\/3742"}],"wp:attachment":[{"href":"https:\/\/redyteliot.info\/en\/wp-json\/wp\/v2\/media?parent=3797"}],"curies":[{"name":"wp","href":"https:\/\/api.w.org\/{rel}","templated":true}]}}