{"id":3456,"date":"2021-05-05T12:01:25","date_gmt":"2021-05-05T10:01:25","guid":{"rendered":"https:\/\/redyteliot.info\/acknowledgement\/"},"modified":"2021-05-05T12:01:25","modified_gmt":"2021-05-05T10:01:25","slug":"acknowledgement","status":"publish","type":"page","link":"https:\/\/redyteliot.info\/en\/acknowledgement\/","title":{"rendered":"Acknowledgement"},"content":{"rendered":"\t\t<div data-elementor-type=\"wp-page\" data-elementor-id=\"3456\" class=\"elementor elementor-3456 elementor-2828\" data-elementor-post-type=\"page\">\n\t\t\t\t\t\t<section class=\"elementor-section elementor-top-section elementor-element elementor-element-7477b28 elementor-section-height-min-height animated-fast elementor-section-boxed elementor-section-height-default elementor-section-items-middle\" data-id=\"7477b28\" data-element_type=\"section\" data-e-type=\"section\" data-settings=\"{&quot;background_background&quot;:&quot;classic&quot;,&quot;animation&quot;:&quot;none&quot;}\">\n\t\t\t\t\t\t\t<div class=\"elementor-background-overlay\"><\/div>\n\t\t\t\t\t\t\t<div class=\"elementor-container elementor-column-gap-default\">\n\t\t\t\t\t<div class=\"elementor-column elementor-col-100 elementor-top-column elementor-element elementor-element-82b55b3\" data-id=\"82b55b3\" data-element_type=\"column\" data-e-type=\"column\">\n\t\t\t<div class=\"elementor-widget-wrap\">\n\t\t\t\t\t\t\t<\/div>\n\t\t<\/div>\n\t\t\t\t\t<\/div>\n\t\t<\/section>\n\t\t\t\t<section class=\"elementor-section elementor-top-section elementor-element elementor-element-7681f15 elementor-section-boxed elementor-section-height-default elementor-section-height-default\" data-id=\"7681f15\" data-element_type=\"section\" data-e-type=\"section\">\n\t\t\t\t\t\t<div class=\"elementor-container elementor-column-gap-default\">\n\t\t\t\t\t<div class=\"elementor-column elementor-col-100 elementor-top-column elementor-element elementor-element-d77bc35\" data-id=\"d77bc35\" data-element_type=\"column\" data-e-type=\"column\">\n\t\t\t<div class=\"elementor-widget-wrap elementor-element-populated\">\n\t\t\t\t\t\t<div class=\"elementor-element elementor-element-e518448 elementor-widget elementor-widget-heading\" data-id=\"e518448\" data-element_type=\"widget\" data-e-type=\"widget\" data-widget_type=\"heading.default\">\n\t\t\t\t\t<h2 class=\"elementor-heading-title elementor-size-default\">Message sent<br>We will get in touch with you as soon as possible.<\/h2>\t\t\t\t<\/div>\n\t\t\t\t<div class=\"elementor-element elementor-element-244ac59 elementor-icon-list--layout-inline elementor-align-center elementor-mobile-align-start elementor-list-item-link-full_width elementor-widget elementor-widget-icon-list\" data-id=\"244ac59\" data-element_type=\"widget\" data-e-type=\"widget\" data-widget_type=\"icon-list.default\">\n\t\t\t\t\t\t\t<ul class=\"elementor-icon-list-items elementor-inline-items\">\n\t\t\t\t\t\t\t<li class=\"elementor-icon-list-item elementor-inline-item\">\n\t\t\t\t\t\t\t\t\t\t\t<a href=\"tel:%20+34987831200\">\n\n\t\t\t\t\t\t\t\t\t\t\t\t<span class=\"elementor-icon-list-icon\">\n\t\t\t\t\t\t\t<svg aria-hidden=\"true\" class=\"e-font-icon-svg e-fas-phone-square-alt\" viewBox=\"0 0 448 512\" xmlns=\"http:\/\/www.w3.org\/2000\/svg\"><path d=\"M400 32H48A48 48 0 0 0 0 80v352a48 48 0 0 0 48 48h352a48 48 0 0 0 48-48V80a48 48 0 0 0-48-48zm-16.39 307.37l-15 65A15 15 0 0 1 354 416C194 416 64 286.29 64 126a15.7 15.7 0 0 1 11.63-14.61l65-15A18.23 18.23 0 0 1 144 96a16.27 16.27 0 0 1 13.79 9.09l30 70A17.9 17.9 0 0 1 189 181a17 17 0 0 1-5.5 11.61l-37.89 31a231.91 231.91 0 0 0 110.78 110.78l31-37.89A17 17 0 0 1 299 291a17.85 17.85 0 0 1 5.91 1.21l70 30A16.25 16.25 0 0 1 384 336a17.41 17.41 0 0 1-.39 3.37z\"><\/path><\/svg>\t\t\t\t\t\t<\/span>\n\t\t\t\t\t\t\t\t\t\t<span class=\"elementor-icon-list-text\">+34 987 831 200<\/span>\n\t\t\t\t\t\t\t\t\t\t\t<\/a>\n\t\t\t\t\t\t\t\t\t<\/li>\n\t\t\t\t\t\t\t\t<li class=\"elementor-icon-list-item elementor-inline-item\">\n\t\t\t\t\t\t\t\t\t\t\t<a href=\"mailto:%20oscar.cela@redytel.info\">\n\n\t\t\t\t\t\t\t\t\t\t\t\t<span class=\"elementor-icon-list-icon\">\n\t\t\t\t\t\t\t<svg aria-hidden=\"true\" class=\"e-font-icon-svg e-fas-envelope\" viewBox=\"0 0 512 512\" xmlns=\"http:\/\/www.w3.org\/2000\/svg\"><path d=\"M502.3 190.8c3.9-3.1 9.7-.2 9.7 4.7V400c0 26.5-21.5 48-48 48H48c-26.5 0-48-21.5-48-48V195.6c0-5 5.7-7.8 9.7-4.7 22.4 17.4 52.1 39.5 154.1 113.6 21.1 15.4 56.7 47.8 92.2 47.6 35.7.3 72-32.8 92.3-47.6 102-74.1 131.6-96.3 154-113.7zM256 320c23.2.4 56.6-29.2 73.4-41.4 132.7-96.3 142.8-104.7 173.4-128.7 5.8-4.5 9.2-11.5 9.2-18.9v-19c0-26.5-21.5-48-48-48H48C21.5 64 0 85.5 0 112v19c0 7.4 3.4 14.3 9.2 18.9 30.6 23.9 40.7 32.4 173.4 128.7 16.8 12.2 50.2 41.8 73.4 41.4z\"><\/path><\/svg>\t\t\t\t\t\t<\/span>\n\t\t\t\t\t\t\t\t\t\t<span class=\"elementor-icon-list-text\">oscar.cela@redytel.info<\/span>\n\t\t\t\t\t\t\t\t\t\t\t<\/a>\n\t\t\t\t\t\t\t\t\t<\/li>\n\t\t\t\t\t\t\t\t<li class=\"elementor-icon-list-item elementor-inline-item\">\n\t\t\t\t\t\t\t\t\t\t\t<span class=\"elementor-icon-list-icon\">\n\t\t\t\t\t\t\t<svg aria-hidden=\"true\" class=\"e-font-icon-svg e-fas-clock\" viewBox=\"0 0 512 512\" xmlns=\"http:\/\/www.w3.org\/2000\/svg\"><path d=\"M256,8C119,8,8,119,8,256S119,504,256,504,504,393,504,256,393,8,256,8Zm92.49,313h0l-20,25a16,16,0,0,1-22.49,2.5h0l-67-49.72a40,40,0,0,1-15-31.23V112a16,16,0,0,1,16-16h32a16,16,0,0,1,16,16V256l58,42.5A16,16,0,0,1,348.49,321Z\"><\/path><\/svg>\t\t\t\t\t\t<\/span>\n\t\t\t\t\t\t\t\t\t\t<span class=\"elementor-icon-list-text\">MO-FR: 09:00-14:00H | 16:00- 20:00H<\/span>\n\t\t\t\t\t\t\t\t\t<\/li>\n\t\t\t\t\t\t<\/ul>\n\t\t\t\t\t\t<\/div>\n\t\t\t\t\t<\/div>\n\t\t<\/div>\n\t\t\t\t\t<\/div>\n\t\t<\/section>\n\t\t\t\t<\/div>\n\t\t","protected":false},"excerpt":{"rendered":"<p>Message sentWe will get in touch with you as soon as possible. +34 987 831 200 oscar.cela@redytel.info MO-FR: 09:00-14:00H | 16:00- 20:00H<\/p>\n","protected":false},"author":1,"featured_media":0,"parent":0,"menu_order":0,"comment_status":"closed","ping_status":"closed","template":"elementor_header_footer","meta":{"_acf_changed":false,"footnotes":""},"class_list":["post-3456","page","type-page","status-publish","hentry"],"acf":[],"yoast_head":"<!-- This site is optimized with the Yoast SEO plugin v27.2 - https:\/\/yoast.com\/product\/yoast-seo-wordpress\/ -->\n<title>Acknowledgement - REDYTEL IoT :: An\u00e1lisis de datos y soluciones inal\u00e1mbricas<\/title>\n<meta name=\"robots\" content=\"index, follow, max-snippet:-1, max-image-preview:large, max-video-preview:-1\" \/>\n<link rel=\"canonical\" href=\"https:\/\/redyteliot.info\/en\/acknowledgement\/\" \/>\n<meta property=\"og:locale\" content=\"en_US\" \/>\n<meta property=\"og:type\" content=\"article\" \/>\n<meta property=\"og:title\" content=\"Acknowledgement - REDYTEL IoT :: An\u00e1lisis de datos y soluciones inal\u00e1mbricas\" \/>\n<meta property=\"og:description\" content=\"Message sentWe will get in touch with you as soon as possible. +34 987 831 200 oscar.cela@redytel.info MO-FR: 09:00-14:00H | 16:00- 20:00H\" \/>\n<meta property=\"og:url\" content=\"https:\/\/redyteliot.info\/en\/acknowledgement\/\" \/>\n<meta property=\"og:site_name\" content=\"REDYTEL IoT :: An\u00e1lisis de datos y soluciones inal\u00e1mbricas\" \/>\n<meta property=\"article:publisher\" content=\"https:\/\/www.facebook.com\/redytelwimax\/\" \/>\n<meta name=\"twitter:card\" content=\"summary_large_image\" \/>\n<meta name=\"twitter:site\" content=\"@RedytelWimax\" \/>\n<script type=\"application\/ld+json\" class=\"yoast-schema-graph\">{\"@context\":\"https:\/\/schema.org\",\"@graph\":[{\"@type\":\"WebPage\",\"@id\":\"https:\/\/redyteliot.info\/en\/acknowledgement\/\",\"url\":\"https:\/\/redyteliot.info\/en\/acknowledgement\/\",\"name\":\"Acknowledgement - REDYTEL IoT :: An\u00e1lisis de datos y soluciones inal\u00e1mbricas\",\"isPartOf\":{\"@id\":\"https:\/\/redyteliot.info\/#website\"},\"datePublished\":\"2021-05-05T10:01:25+00:00\",\"breadcrumb\":{\"@id\":\"https:\/\/redyteliot.info\/en\/acknowledgement\/#breadcrumb\"},\"inLanguage\":\"en-US\",\"potentialAction\":[{\"@type\":\"ReadAction\",\"target\":[\"https:\/\/redyteliot.info\/en\/acknowledgement\/\"]}]},{\"@type\":\"BreadcrumbList\",\"@id\":\"https:\/\/redyteliot.info\/en\/acknowledgement\/#breadcrumb\",\"itemListElement\":[{\"@type\":\"ListItem\",\"position\":1,\"name\":\"Inicio\",\"item\":\"https:\/\/redyteliot.info\/\"},{\"@type\":\"ListItem\",\"position\":2,\"name\":\"Acknowledgement\"}]},{\"@type\":\"WebSite\",\"@id\":\"https:\/\/redyteliot.info\/#website\",\"url\":\"https:\/\/redyteliot.info\/\",\"name\":\"REDYTEL IoT :: An\u00e1lisis de datos y soluciones inal\u00e1mbricas\",\"description\":\"Ingenier\u00eda propia tanto de hardware como software; trabajamos con c\u00f3digos abiertos\",\"publisher\":{\"@id\":\"https:\/\/redyteliot.info\/#organization\"},\"potentialAction\":[{\"@type\":\"SearchAction\",\"target\":{\"@type\":\"EntryPoint\",\"urlTemplate\":\"https:\/\/redyteliot.info\/?s={search_term_string}\"},\"query-input\":{\"@type\":\"PropertyValueSpecification\",\"valueRequired\":true,\"valueName\":\"search_term_string\"}}],\"inLanguage\":\"en-US\"},{\"@type\":\"Organization\",\"@id\":\"https:\/\/redyteliot.info\/#organization\",\"name\":\"REDYTEL IoT\",\"url\":\"https:\/\/redyteliot.info\/\",\"logo\":{\"@type\":\"ImageObject\",\"inLanguage\":\"en-US\",\"@id\":\"https:\/\/redyteliot.info\/#\/schema\/logo\/image\/\",\"url\":\"https:\/\/redyteliot.info\/wp-content\/uploads\/2020\/11\/redytel-logo.jpg\",\"contentUrl\":\"https:\/\/redyteliot.info\/wp-content\/uploads\/2020\/11\/redytel-logo.jpg\",\"width\":660,\"height\":592,\"caption\":\"REDYTEL IoT\"},\"image\":{\"@id\":\"https:\/\/redyteliot.info\/#\/schema\/logo\/image\/\"},\"sameAs\":[\"https:\/\/www.facebook.com\/redytelwimax\/\",\"https:\/\/x.com\/RedytelWimax\",\"https:\/\/www.instagram.com\/redytelwimax\/\",\"https:\/\/www.linkedin.com\/company\/redytel-wimax-sl\/\",\"https:\/\/www.youtube.com\/channel\/UCnTkpfrvV4Ek77W7qfPBxlw\"]}]}<\/script>\n<!-- \/ Yoast SEO plugin. -->","yoast_head_json":{"title":"Acknowledgement - REDYTEL IoT :: An\u00e1lisis de datos y soluciones inal\u00e1mbricas","robots":{"index":"index","follow":"follow","max-snippet":"max-snippet:-1","max-image-preview":"max-image-preview:large","max-video-preview":"max-video-preview:-1"},"canonical":"https:\/\/redyteliot.info\/en\/acknowledgement\/","og_locale":"en_US","og_type":"article","og_title":"Acknowledgement - REDYTEL IoT :: An\u00e1lisis de datos y soluciones inal\u00e1mbricas","og_description":"Message sentWe will get in touch with you as soon as possible. +34 987 831 200 oscar.cela@redytel.info MO-FR: 09:00-14:00H | 16:00- 20:00H","og_url":"https:\/\/redyteliot.info\/en\/acknowledgement\/","og_site_name":"REDYTEL IoT :: An\u00e1lisis de datos y soluciones inal\u00e1mbricas","article_publisher":"https:\/\/www.facebook.com\/redytelwimax\/","twitter_card":"summary_large_image","twitter_site":"@RedytelWimax","schema":{"@context":"https:\/\/schema.org","@graph":[{"@type":"WebPage","@id":"https:\/\/redyteliot.info\/en\/acknowledgement\/","url":"https:\/\/redyteliot.info\/en\/acknowledgement\/","name":"Acknowledgement - REDYTEL IoT :: An\u00e1lisis de datos y soluciones inal\u00e1mbricas","isPartOf":{"@id":"https:\/\/redyteliot.info\/#website"},"datePublished":"2021-05-05T10:01:25+00:00","breadcrumb":{"@id":"https:\/\/redyteliot.info\/en\/acknowledgement\/#breadcrumb"},"inLanguage":"en-US","potentialAction":[{"@type":"ReadAction","target":["https:\/\/redyteliot.info\/en\/acknowledgement\/"]}]},{"@type":"BreadcrumbList","@id":"https:\/\/redyteliot.info\/en\/acknowledgement\/#breadcrumb","itemListElement":[{"@type":"ListItem","position":1,"name":"Inicio","item":"https:\/\/redyteliot.info\/"},{"@type":"ListItem","position":2,"name":"Acknowledgement"}]},{"@type":"WebSite","@id":"https:\/\/redyteliot.info\/#website","url":"https:\/\/redyteliot.info\/","name":"REDYTEL IoT :: An\u00e1lisis de datos y soluciones inal\u00e1mbricas","description":"Ingenier\u00eda propia tanto de hardware como software; trabajamos con c\u00f3digos abiertos","publisher":{"@id":"https:\/\/redyteliot.info\/#organization"},"potentialAction":[{"@type":"SearchAction","target":{"@type":"EntryPoint","urlTemplate":"https:\/\/redyteliot.info\/?s={search_term_string}"},"query-input":{"@type":"PropertyValueSpecification","valueRequired":true,"valueName":"search_term_string"}}],"inLanguage":"en-US"},{"@type":"Organization","@id":"https:\/\/redyteliot.info\/#organization","name":"REDYTEL IoT","url":"https:\/\/redyteliot.info\/","logo":{"@type":"ImageObject","inLanguage":"en-US","@id":"https:\/\/redyteliot.info\/#\/schema\/logo\/image\/","url":"https:\/\/redyteliot.info\/wp-content\/uploads\/2020\/11\/redytel-logo.jpg","contentUrl":"https:\/\/redyteliot.info\/wp-content\/uploads\/2020\/11\/redytel-logo.jpg","width":660,"height":592,"caption":"REDYTEL IoT"},"image":{"@id":"https:\/\/redyteliot.info\/#\/schema\/logo\/image\/"},"sameAs":["https:\/\/www.facebook.com\/redytelwimax\/","https:\/\/x.com\/RedytelWimax","https:\/\/www.instagram.com\/redytelwimax\/","https:\/\/www.linkedin.com\/company\/redytel-wimax-sl\/","https:\/\/www.youtube.com\/channel\/UCnTkpfrvV4Ek77W7qfPBxlw"]}]}},"_links":{"self":[{"href":"https:\/\/redyteliot.info\/en\/wp-json\/wp\/v2\/pages\/3456","targetHints":{"allow":["GET"]}}],"collection":[{"href":"https:\/\/redyteliot.info\/en\/wp-json\/wp\/v2\/pages"}],"about":[{"href":"https:\/\/redyteliot.info\/en\/wp-json\/wp\/v2\/types\/page"}],"author":[{"embeddable":true,"href":"https:\/\/redyteliot.info\/en\/wp-json\/wp\/v2\/users\/1"}],"replies":[{"embeddable":true,"href":"https:\/\/redyteliot.info\/en\/wp-json\/wp\/v2\/comments?post=3456"}],"version-history":[{"count":0,"href":"https:\/\/redyteliot.info\/en\/wp-json\/wp\/v2\/pages\/3456\/revisions"}],"wp:attachment":[{"href":"https:\/\/redyteliot.info\/en\/wp-json\/wp\/v2\/media?parent=3456"}],"curies":[{"name":"wp","href":"https:\/\/api.w.org\/{rel}","templated":true}]}}