{"id":3445,"date":"2021-05-05T11:53:08","date_gmt":"2021-05-05T09:53:08","guid":{"rendered":"https:\/\/redyteliot.info\/projects\/smart-city-smart-rural-making-our-future-a-better-and-comfortable-place\/"},"modified":"2021-05-05T11:57:29","modified_gmt":"2021-05-05T09:57:29","slug":"smart-city-smart-rural-making-our-future-a-better-and-comfortable-place","status":"publish","type":"page","link":"https:\/\/redyteliot.info\/en\/projects\/smart-city-smart-rural-making-our-future-a-better-and-comfortable-place\/","title":{"rendered":"Smart city \/ Smart rural. Making our future a better and comfortable place"},"content":{"rendered":"\t\t<div data-elementor-type=\"wp-page\" data-elementor-id=\"3445\" class=\"elementor elementor-3445 elementor-962\" data-elementor-post-type=\"page\">\n\t\t\t\t\t\t<section class=\"elementor-section elementor-top-section elementor-element elementor-element-930f7ca elementor-section-height-min-height animated-fast elementor-section-boxed elementor-section-height-default elementor-section-items-middle\" data-id=\"930f7ca\" data-element_type=\"section\" data-e-type=\"section\" data-settings=\"{&quot;background_background&quot;:&quot;classic&quot;,&quot;animation&quot;:&quot;none&quot;}\">\n\t\t\t\t\t\t\t<div class=\"elementor-background-overlay\"><\/div>\n\t\t\t\t\t\t\t<div class=\"elementor-container elementor-column-gap-default\">\n\t\t\t\t\t<div class=\"elementor-column elementor-col-100 elementor-top-column elementor-element elementor-element-f5b678a\" data-id=\"f5b678a\" data-element_type=\"column\" data-e-type=\"column\">\n\t\t\t<div class=\"elementor-widget-wrap elementor-element-populated\">\n\t\t\t\t\t\t<div class=\"elementor-element elementor-element-a53e858 elementor-invisible elementor-widget elementor-widget-heading\" data-id=\"a53e858\" data-element_type=\"widget\" data-e-type=\"widget\" data-settings=\"{&quot;_animation&quot;:&quot;fadeInUp&quot;}\" data-widget_type=\"heading.default\">\n\t\t\t\t\t<h1 class=\"elementor-heading-title elementor-size-default\">Smart city \/ Smart rural<\/h1>\t\t\t\t<\/div>\n\t\t\t\t<div class=\"elementor-element elementor-element-35003cc elementor-invisible elementor-widget elementor-widget-text-editor\" data-id=\"35003cc\" data-element_type=\"widget\" data-e-type=\"widget\" data-settings=\"{&quot;_animation&quot;:&quot;fadeInUp&quot;}\" data-widget_type=\"text-editor.default\">\n\t\t\t\t\t\t\t\t\t<p>We&#8217;ve developed value-added projects by turning this technology into an user friendly experience for all citizens and authorities.<\/p>\n\t\t\t\t\t\t\t\t<\/div>\n\t\t\t\t<div class=\"elementor-element elementor-element-83ff7a2 elementor-tablet-align-left animated-slow elementor-align-left elementor-mobile-align-left elementor-invisible elementor-widget elementor-widget-button\" data-id=\"83ff7a2\" data-element_type=\"widget\" data-e-type=\"widget\" data-settings=\"{&quot;_animation&quot;:&quot;fadeInUp&quot;}\" data-widget_type=\"button.default\">\n\t\t\t\t\t\t\t\t\t\t<a class=\"elementor-button elementor-button-link elementor-size-md\" href=\"#background\">\n\t\t\t\t\t\t<span class=\"elementor-button-content-wrapper\">\n\t\t\t\t\t\t\t\t\t<span class=\"elementor-button-text\">Learn more<\/span>\n\t\t\t\t\t<\/span>\n\t\t\t\t\t<\/a>\n\t\t\t\t\t\t\t\t<\/div>\n\t\t\t\t\t<\/div>\n\t\t<\/div>\n\t\t\t\t\t<\/div>\n\t\t<\/section>\n\t\t\t\t<section class=\"elementor-section elementor-top-section elementor-element elementor-element-c7cb547 elementor-section-boxed elementor-section-height-default elementor-section-height-default\" data-id=\"c7cb547\" data-element_type=\"section\" data-e-type=\"section\" id=\"background\" data-settings=\"{&quot;background_background&quot;:&quot;classic&quot;}\">\n\t\t\t\t\t\t<div class=\"elementor-container elementor-column-gap-default\">\n\t\t\t\t\t<div class=\"elementor-column elementor-col-100 elementor-top-column elementor-element elementor-element-afb536f\" data-id=\"afb536f\" data-element_type=\"column\" data-e-type=\"column\">\n\t\t\t<div class=\"elementor-widget-wrap elementor-element-populated\">\n\t\t\t\t\t\t<section class=\"elementor-section elementor-inner-section elementor-element elementor-element-6b627a0 elementor-section-boxed elementor-section-height-default elementor-section-height-default\" data-id=\"6b627a0\" data-element_type=\"section\" data-e-type=\"section\">\n\t\t\t\t\t\t<div class=\"elementor-container elementor-column-gap-default\">\n\t\t\t\t\t<div class=\"elementor-column elementor-col-50 elementor-inner-column elementor-element elementor-element-b14976e\" data-id=\"b14976e\" data-element_type=\"column\" data-e-type=\"column\">\n\t\t\t<div class=\"elementor-widget-wrap elementor-element-populated\">\n\t\t\t\t\t\t<div class=\"elementor-element elementor-element-b92e4ec elementor-widget elementor-widget-image\" data-id=\"b92e4ec\" data-element_type=\"widget\" data-e-type=\"widget\" data-widget_type=\"image.default\">\n\t\t\t\t\t\t\t\t\t\t\t\t\t\t\t<img fetchpriority=\"high\" decoding=\"async\" width=\"1024\" height=\"1024\" src=\"https:\/\/redyteliot.info\/wp-content\/uploads\/2020\/10\/redytel-iot-smart-city-rural-img-01.jpg\" class=\"attachment-full size-full wp-image-3270\" alt=\"\" srcset=\"https:\/\/redyteliot.info\/wp-content\/uploads\/2020\/10\/redytel-iot-smart-city-rural-img-01.jpg 1024w, https:\/\/redyteliot.info\/wp-content\/uploads\/2020\/10\/redytel-iot-smart-city-rural-img-01-300x300.jpg 300w, https:\/\/redyteliot.info\/wp-content\/uploads\/2020\/10\/redytel-iot-smart-city-rural-img-01-150x150.jpg 150w, https:\/\/redyteliot.info\/wp-content\/uploads\/2020\/10\/redytel-iot-smart-city-rural-img-01-768x768.jpg 768w\" sizes=\"(max-width: 1024px) 100vw, 1024px\" \/>\t\t\t\t\t\t\t\t\t\t\t\t\t\t\t<\/div>\n\t\t\t\t\t<\/div>\n\t\t<\/div>\n\t\t\t\t<div class=\"elementor-column elementor-col-50 elementor-inner-column elementor-element elementor-element-59884ea\" data-id=\"59884ea\" data-element_type=\"column\" data-e-type=\"column\">\n\t\t\t<div class=\"elementor-widget-wrap elementor-element-populated\">\n\t\t\t\t\t\t<div class=\"elementor-element elementor-element-cbe32c5 elementor-widget elementor-widget-heading\" data-id=\"cbe32c5\" data-element_type=\"widget\" data-e-type=\"widget\" data-widget_type=\"heading.default\">\n\t\t\t\t\t<h2 class=\"elementor-heading-title elementor-size-default\">Project features<\/h2>\t\t\t\t<\/div>\n\t\t\t\t<div class=\"elementor-element elementor-element-5e78e1c elementor-widget elementor-widget-text-editor\" data-id=\"5e78e1c\" data-element_type=\"widget\" data-e-type=\"widget\" data-widget_type=\"text-editor.default\">\n\t\t\t\t\t\t\t\t\t<p>Smart cities are the new way of unerstanding our society. The use of sensors, big data and artificial intelligence allows us to determine and control very significant aspects of our cities and rural areas such as <strong>power, water, waste system, parking spaces, accessibility, health, traffic, security, environment<\/strong> and all the daily aspects of life. All this innovations helps us to produce a better quality of life and a better use of public and private resources.<\/p><p>One of our latest achievements is the <strong>Air 4.0 project<\/strong>, an innovative solution to <strong>measure CO2 concentrations<\/strong>, temperature and relative humidity in order to assess the environmental quality and level of ventilation inside buildings. The use of the Internet of Things has made it possible to place sensors in the appropriate places, this devices also allow us to generate points of concentration of people helping in the transmission of <strong>COVID 19<\/strong>.<\/p>\t\t\t\t\t\t\t\t<\/div>\n\t\t\t\t\t<\/div>\n\t\t<\/div>\n\t\t\t\t\t<\/div>\n\t\t<\/section>\n\t\t\t\t\t<\/div>\n\t\t<\/div>\n\t\t\t\t\t<\/div>\n\t\t<\/section>\n\t\t\t\t<section class=\"elementor-section elementor-top-section elementor-element elementor-element-be4f657 elementor-section-boxed elementor-section-height-default elementor-section-height-default\" data-id=\"be4f657\" data-element_type=\"section\" data-e-type=\"section\" data-settings=\"{&quot;background_background&quot;:&quot;classic&quot;}\">\n\t\t\t\t\t\t<div class=\"elementor-container elementor-column-gap-default\">\n\t\t\t\t\t<div class=\"elementor-column elementor-col-100 elementor-top-column elementor-element elementor-element-1ebb074\" data-id=\"1ebb074\" data-element_type=\"column\" data-e-type=\"column\">\n\t\t\t<div class=\"elementor-widget-wrap elementor-element-populated\">\n\t\t\t\t\t\t<section class=\"elementor-section elementor-inner-section elementor-element elementor-element-2caf691 elementor-section-boxed elementor-section-height-default elementor-section-height-default\" data-id=\"2caf691\" data-element_type=\"section\" data-e-type=\"section\">\n\t\t\t\t\t\t<div class=\"elementor-container elementor-column-gap-default\">\n\t\t\t\t\t<div class=\"elementor-column elementor-col-50 elementor-inner-column elementor-element elementor-element-e431b5a\" data-id=\"e431b5a\" data-element_type=\"column\" data-e-type=\"column\">\n\t\t\t<div class=\"elementor-widget-wrap elementor-element-populated\">\n\t\t\t\t\t\t<div class=\"elementor-element elementor-element-95b01ca elementor-widget elementor-widget-text-editor\" data-id=\"95b01ca\" data-element_type=\"widget\" data-e-type=\"widget\" data-widget_type=\"text-editor.default\">\n\t\t\t\t\t\t\t\t\t<p>Another example is our <strong>Water and Street Lighting Power System Control<\/strong>. In this case we can implement AI solutions in order to <strong>improve energy efficiency<\/strong> and avoid power supply failures or poor water quality.<\/p><p>We have a vast range of sensor devices which can track dumpsters capacity or even display fire alerts related to this dumpsters. This information could reduce efforts and assist to the personel in charge in the management tasks.<\/p><p><strong>Health and Safety<\/strong> is another project in which we can offer innovative solutions and real time metrics.<\/p><p>Our main goal is to establish efficient and useful networks to improve our quality of life, and <strong>making our future a better and comfortable place<\/strong>.<\/p>\t\t\t\t\t\t\t\t<\/div>\n\t\t\t\t\t<\/div>\n\t\t<\/div>\n\t\t\t\t<div class=\"elementor-column elementor-col-50 elementor-inner-column elementor-element elementor-element-8ab6523\" data-id=\"8ab6523\" data-element_type=\"column\" data-e-type=\"column\">\n\t\t\t<div class=\"elementor-widget-wrap elementor-element-populated\">\n\t\t\t\t\t\t<div class=\"elementor-element elementor-element-7069677 elementor-widget elementor-widget-image\" data-id=\"7069677\" data-element_type=\"widget\" data-e-type=\"widget\" data-widget_type=\"image.default\">\n\t\t\t\t\t\t\t\t\t\t\t\t\t\t\t<img decoding=\"async\" width=\"1024\" height=\"1024\" src=\"https:\/\/redyteliot.info\/wp-content\/uploads\/2020\/10\/redytel-iot-smart-city-rural-img-03.jpg\" class=\"attachment-full size-full wp-image-3272\" alt=\"\" srcset=\"https:\/\/redyteliot.info\/wp-content\/uploads\/2020\/10\/redytel-iot-smart-city-rural-img-03.jpg 1024w, https:\/\/redyteliot.info\/wp-content\/uploads\/2020\/10\/redytel-iot-smart-city-rural-img-03-300x300.jpg 300w, https:\/\/redyteliot.info\/wp-content\/uploads\/2020\/10\/redytel-iot-smart-city-rural-img-03-150x150.jpg 150w, https:\/\/redyteliot.info\/wp-content\/uploads\/2020\/10\/redytel-iot-smart-city-rural-img-03-768x768.jpg 768w\" sizes=\"(max-width: 1024px) 100vw, 1024px\" \/>\t\t\t\t\t\t\t\t\t\t\t\t\t\t\t<\/div>\n\t\t\t\t\t<\/div>\n\t\t<\/div>\n\t\t\t\t\t<\/div>\n\t\t<\/section>\n\t\t\t\t\t<\/div>\n\t\t<\/div>\n\t\t\t\t\t<\/div>\n\t\t<\/section>\n\t\t\t\t<\/div>\n\t\t","protected":false},"excerpt":{"rendered":"<p>Smart city \/ Smart rural We&#8217;ve developed value-added projects by turning this technology into an user friendly experience for all citizens and authorities. Learn more Project features Smart cities are the new way of unerstanding our society. The use of sensors, big data and artificial intelligence allows us to determine and control very significant aspects [&hellip;]<\/p>\n","protected":false},"author":1,"featured_media":3312,"parent":3427,"menu_order":0,"comment_status":"closed","ping_status":"closed","template":"elementor_header_footer","meta":{"_acf_changed":false,"footnotes":""},"class_list":["post-3445","page","type-page","status-publish","has-post-thumbnail","hentry"],"acf":[],"yoast_head":"<!-- This site is optimized with the Yoast SEO plugin v27.2 - https:\/\/yoast.com\/product\/yoast-seo-wordpress\/ -->\n<title>Smart city \/ Smart rural. Making our future a better and comfortable place<\/title>\n<meta name=\"description\" content=\"The use of sensors, big data and artificial intelligence allows us to improve the power, water, waste system, parking spaces, accessibility, health, traffic, security, environment.\" \/>\n<meta name=\"robots\" content=\"index, follow, max-snippet:-1, max-image-preview:large, max-video-preview:-1\" \/>\n<link rel=\"canonical\" href=\"https:\/\/redyteliot.info\/en\/projects\/smart-city-smart-rural-making-our-future-a-better-and-comfortable-place\/\" \/>\n<meta property=\"og:locale\" content=\"en_US\" \/>\n<meta property=\"og:type\" content=\"article\" \/>\n<meta property=\"og:title\" content=\"Smart city \/ Smart rural. Making our future a better and comfortable place\" \/>\n<meta property=\"og:description\" content=\"The use of sensors, big data and artificial intelligence allows us to improve the power, water, waste system, parking spaces, accessibility, health, traffic, security, environment.\" \/>\n<meta property=\"og:url\" content=\"https:\/\/redyteliot.info\/en\/projects\/smart-city-smart-rural-making-our-future-a-better-and-comfortable-place\/\" \/>\n<meta property=\"og:site_name\" content=\"REDYTEL IoT :: An\u00e1lisis de datos y soluciones inal\u00e1mbricas\" \/>\n<meta property=\"article:publisher\" content=\"https:\/\/www.facebook.com\/redytelwimax\/\" \/>\n<meta property=\"article:modified_time\" content=\"2021-05-05T09:57:29+00:00\" \/>\n<meta property=\"og:image\" content=\"https:\/\/redyteliot.info\/wp-content\/uploads\/2020\/11\/redyel-share-img.png\" \/>\n\t<meta property=\"og:image:width\" content=\"1200\" \/>\n\t<meta property=\"og:image:height\" content=\"628\" \/>\n\t<meta property=\"og:image:type\" content=\"image\/png\" \/>\n<meta name=\"twitter:card\" content=\"summary_large_image\" \/>\n<meta name=\"twitter:site\" content=\"@RedytelWimax\" \/>\n<meta name=\"twitter:label1\" content=\"Est. reading time\" \/>\n\t<meta name=\"twitter:data1\" content=\"2 minutes\" \/>\n<script type=\"application\/ld+json\" class=\"yoast-schema-graph\">{\"@context\":\"https:\/\/schema.org\",\"@graph\":[{\"@type\":\"WebPage\",\"@id\":\"https:\/\/redyteliot.info\/en\/projects\/smart-city-smart-rural-making-our-future-a-better-and-comfortable-place\/\",\"url\":\"https:\/\/redyteliot.info\/en\/projects\/smart-city-smart-rural-making-our-future-a-better-and-comfortable-place\/\",\"name\":\"Smart city \/ Smart rural. Making our future a better and comfortable place\",\"isPartOf\":{\"@id\":\"https:\/\/redyteliot.info\/#website\"},\"primaryImageOfPage\":{\"@id\":\"https:\/\/redyteliot.info\/en\/projects\/smart-city-smart-rural-making-our-future-a-better-and-comfortable-place\/#primaryimage\"},\"image\":{\"@id\":\"https:\/\/redyteliot.info\/en\/projects\/smart-city-smart-rural-making-our-future-a-better-and-comfortable-place\/#primaryimage\"},\"thumbnailUrl\":\"https:\/\/redyteliot.info\/wp-content\/uploads\/2020\/11\/redyel-share-img.png\",\"datePublished\":\"2021-05-05T09:53:08+00:00\",\"dateModified\":\"2021-05-05T09:57:29+00:00\",\"description\":\"The use of sensors, big data and artificial intelligence allows us to improve the power, water, waste system, parking spaces, accessibility, health, traffic, security, environment.\",\"breadcrumb\":{\"@id\":\"https:\/\/redyteliot.info\/en\/projects\/smart-city-smart-rural-making-our-future-a-better-and-comfortable-place\/#breadcrumb\"},\"inLanguage\":\"en-US\",\"potentialAction\":[{\"@type\":\"ReadAction\",\"target\":[\"https:\/\/redyteliot.info\/en\/projects\/smart-city-smart-rural-making-our-future-a-better-and-comfortable-place\/\"]}]},{\"@type\":\"ImageObject\",\"inLanguage\":\"en-US\",\"@id\":\"https:\/\/redyteliot.info\/en\/projects\/smart-city-smart-rural-making-our-future-a-better-and-comfortable-place\/#primaryimage\",\"url\":\"https:\/\/redyteliot.info\/wp-content\/uploads\/2020\/11\/redyel-share-img.png\",\"contentUrl\":\"https:\/\/redyteliot.info\/wp-content\/uploads\/2020\/11\/redyel-share-img.png\",\"width\":1200,\"height\":628},{\"@type\":\"BreadcrumbList\",\"@id\":\"https:\/\/redyteliot.info\/en\/projects\/smart-city-smart-rural-making-our-future-a-better-and-comfortable-place\/#breadcrumb\",\"itemListElement\":[{\"@type\":\"ListItem\",\"position\":1,\"name\":\"Inicio\",\"item\":\"https:\/\/redyteliot.info\/\"},{\"@type\":\"ListItem\",\"position\":2,\"name\":\"Projects\",\"item\":\"https:\/\/redyteliot.info\/en\/projects\/\"},{\"@type\":\"ListItem\",\"position\":3,\"name\":\"Smart city \/ Smart rural. Making our future a better and comfortable place\"}]},{\"@type\":\"WebSite\",\"@id\":\"https:\/\/redyteliot.info\/#website\",\"url\":\"https:\/\/redyteliot.info\/\",\"name\":\"REDYTEL IoT :: An\u00e1lisis de datos y soluciones inal\u00e1mbricas\",\"description\":\"Ingenier\u00eda propia tanto de hardware como software; trabajamos con c\u00f3digos abiertos\",\"publisher\":{\"@id\":\"https:\/\/redyteliot.info\/#organization\"},\"potentialAction\":[{\"@type\":\"SearchAction\",\"target\":{\"@type\":\"EntryPoint\",\"urlTemplate\":\"https:\/\/redyteliot.info\/?s={search_term_string}\"},\"query-input\":{\"@type\":\"PropertyValueSpecification\",\"valueRequired\":true,\"valueName\":\"search_term_string\"}}],\"inLanguage\":\"en-US\"},{\"@type\":\"Organization\",\"@id\":\"https:\/\/redyteliot.info\/#organization\",\"name\":\"REDYTEL IoT\",\"url\":\"https:\/\/redyteliot.info\/\",\"logo\":{\"@type\":\"ImageObject\",\"inLanguage\":\"en-US\",\"@id\":\"https:\/\/redyteliot.info\/#\/schema\/logo\/image\/\",\"url\":\"https:\/\/redyteliot.info\/wp-content\/uploads\/2020\/11\/redytel-logo.jpg\",\"contentUrl\":\"https:\/\/redyteliot.info\/wp-content\/uploads\/2020\/11\/redytel-logo.jpg\",\"width\":660,\"height\":592,\"caption\":\"REDYTEL IoT\"},\"image\":{\"@id\":\"https:\/\/redyteliot.info\/#\/schema\/logo\/image\/\"},\"sameAs\":[\"https:\/\/www.facebook.com\/redytelwimax\/\",\"https:\/\/x.com\/RedytelWimax\",\"https:\/\/www.instagram.com\/redytelwimax\/\",\"https:\/\/www.linkedin.com\/company\/redytel-wimax-sl\/\",\"https:\/\/www.youtube.com\/channel\/UCnTkpfrvV4Ek77W7qfPBxlw\"]}]}<\/script>\n<!-- \/ Yoast SEO plugin. -->","yoast_head_json":{"title":"Smart city \/ Smart rural. Making our future a better and comfortable place","description":"The use of sensors, big data and artificial intelligence allows us to improve the power, water, waste system, parking spaces, accessibility, health, traffic, security, environment.","robots":{"index":"index","follow":"follow","max-snippet":"max-snippet:-1","max-image-preview":"max-image-preview:large","max-video-preview":"max-video-preview:-1"},"canonical":"https:\/\/redyteliot.info\/en\/projects\/smart-city-smart-rural-making-our-future-a-better-and-comfortable-place\/","og_locale":"en_US","og_type":"article","og_title":"Smart city \/ Smart rural. Making our future a better and comfortable place","og_description":"The use of sensors, big data and artificial intelligence allows us to improve the power, water, waste system, parking spaces, accessibility, health, traffic, security, environment.","og_url":"https:\/\/redyteliot.info\/en\/projects\/smart-city-smart-rural-making-our-future-a-better-and-comfortable-place\/","og_site_name":"REDYTEL IoT :: An\u00e1lisis de datos y soluciones inal\u00e1mbricas","article_publisher":"https:\/\/www.facebook.com\/redytelwimax\/","article_modified_time":"2021-05-05T09:57:29+00:00","og_image":[{"width":1200,"height":628,"url":"https:\/\/redyteliot.info\/wp-content\/uploads\/2020\/11\/redyel-share-img.png","type":"image\/png"}],"twitter_card":"summary_large_image","twitter_site":"@RedytelWimax","twitter_misc":{"Est. reading time":"2 minutes"},"schema":{"@context":"https:\/\/schema.org","@graph":[{"@type":"WebPage","@id":"https:\/\/redyteliot.info\/en\/projects\/smart-city-smart-rural-making-our-future-a-better-and-comfortable-place\/","url":"https:\/\/redyteliot.info\/en\/projects\/smart-city-smart-rural-making-our-future-a-better-and-comfortable-place\/","name":"Smart city \/ Smart rural. Making our future a better and comfortable place","isPartOf":{"@id":"https:\/\/redyteliot.info\/#website"},"primaryImageOfPage":{"@id":"https:\/\/redyteliot.info\/en\/projects\/smart-city-smart-rural-making-our-future-a-better-and-comfortable-place\/#primaryimage"},"image":{"@id":"https:\/\/redyteliot.info\/en\/projects\/smart-city-smart-rural-making-our-future-a-better-and-comfortable-place\/#primaryimage"},"thumbnailUrl":"https:\/\/redyteliot.info\/wp-content\/uploads\/2020\/11\/redyel-share-img.png","datePublished":"2021-05-05T09:53:08+00:00","dateModified":"2021-05-05T09:57:29+00:00","description":"The use of sensors, big data and artificial intelligence allows us to improve the power, water, waste system, parking spaces, accessibility, health, traffic, security, environment.","breadcrumb":{"@id":"https:\/\/redyteliot.info\/en\/projects\/smart-city-smart-rural-making-our-future-a-better-and-comfortable-place\/#breadcrumb"},"inLanguage":"en-US","potentialAction":[{"@type":"ReadAction","target":["https:\/\/redyteliot.info\/en\/projects\/smart-city-smart-rural-making-our-future-a-better-and-comfortable-place\/"]}]},{"@type":"ImageObject","inLanguage":"en-US","@id":"https:\/\/redyteliot.info\/en\/projects\/smart-city-smart-rural-making-our-future-a-better-and-comfortable-place\/#primaryimage","url":"https:\/\/redyteliot.info\/wp-content\/uploads\/2020\/11\/redyel-share-img.png","contentUrl":"https:\/\/redyteliot.info\/wp-content\/uploads\/2020\/11\/redyel-share-img.png","width":1200,"height":628},{"@type":"BreadcrumbList","@id":"https:\/\/redyteliot.info\/en\/projects\/smart-city-smart-rural-making-our-future-a-better-and-comfortable-place\/#breadcrumb","itemListElement":[{"@type":"ListItem","position":1,"name":"Inicio","item":"https:\/\/redyteliot.info\/"},{"@type":"ListItem","position":2,"name":"Projects","item":"https:\/\/redyteliot.info\/en\/projects\/"},{"@type":"ListItem","position":3,"name":"Smart city \/ Smart rural. Making our future a better and comfortable place"}]},{"@type":"WebSite","@id":"https:\/\/redyteliot.info\/#website","url":"https:\/\/redyteliot.info\/","name":"REDYTEL IoT :: An\u00e1lisis de datos y soluciones inal\u00e1mbricas","description":"Ingenier\u00eda propia tanto de hardware como software; trabajamos con c\u00f3digos abiertos","publisher":{"@id":"https:\/\/redyteliot.info\/#organization"},"potentialAction":[{"@type":"SearchAction","target":{"@type":"EntryPoint","urlTemplate":"https:\/\/redyteliot.info\/?s={search_term_string}"},"query-input":{"@type":"PropertyValueSpecification","valueRequired":true,"valueName":"search_term_string"}}],"inLanguage":"en-US"},{"@type":"Organization","@id":"https:\/\/redyteliot.info\/#organization","name":"REDYTEL IoT","url":"https:\/\/redyteliot.info\/","logo":{"@type":"ImageObject","inLanguage":"en-US","@id":"https:\/\/redyteliot.info\/#\/schema\/logo\/image\/","url":"https:\/\/redyteliot.info\/wp-content\/uploads\/2020\/11\/redytel-logo.jpg","contentUrl":"https:\/\/redyteliot.info\/wp-content\/uploads\/2020\/11\/redytel-logo.jpg","width":660,"height":592,"caption":"REDYTEL IoT"},"image":{"@id":"https:\/\/redyteliot.info\/#\/schema\/logo\/image\/"},"sameAs":["https:\/\/www.facebook.com\/redytelwimax\/","https:\/\/x.com\/RedytelWimax","https:\/\/www.instagram.com\/redytelwimax\/","https:\/\/www.linkedin.com\/company\/redytel-wimax-sl\/","https:\/\/www.youtube.com\/channel\/UCnTkpfrvV4Ek77W7qfPBxlw"]}]}},"_links":{"self":[{"href":"https:\/\/redyteliot.info\/en\/wp-json\/wp\/v2\/pages\/3445","targetHints":{"allow":["GET"]}}],"collection":[{"href":"https:\/\/redyteliot.info\/en\/wp-json\/wp\/v2\/pages"}],"about":[{"href":"https:\/\/redyteliot.info\/en\/wp-json\/wp\/v2\/types\/page"}],"author":[{"embeddable":true,"href":"https:\/\/redyteliot.info\/en\/wp-json\/wp\/v2\/users\/1"}],"replies":[{"embeddable":true,"href":"https:\/\/redyteliot.info\/en\/wp-json\/wp\/v2\/comments?post=3445"}],"version-history":[{"count":0,"href":"https:\/\/redyteliot.info\/en\/wp-json\/wp\/v2\/pages\/3445\/revisions"}],"up":[{"embeddable":true,"href":"https:\/\/redyteliot.info\/en\/wp-json\/wp\/v2\/pages\/3427"}],"wp:featuredmedia":[{"embeddable":true,"href":"https:\/\/redyteliot.info\/en\/wp-json\/wp\/v2\/media\/3312"}],"wp:attachment":[{"href":"https:\/\/redyteliot.info\/en\/wp-json\/wp\/v2\/media?parent=3445"}],"curies":[{"name":"wp","href":"https:\/\/api.w.org\/{rel}","templated":true}]}}