{"id":3424,"date":"2021-05-05T10:37:42","date_gmt":"2021-05-05T08:37:42","guid":{"rendered":"https:\/\/redyteliot.info\/about-us\/"},"modified":"2025-10-06T16:41:56","modified_gmt":"2025-10-06T14:41:56","slug":"about-us","status":"publish","type":"page","link":"https:\/\/redyteliot.info\/en\/about-us\/","title":{"rendered":"About us"},"content":{"rendered":"\t\t<div data-elementor-type=\"wp-page\" data-elementor-id=\"3424\" class=\"elementor elementor-3424 elementor-13\" data-elementor-post-type=\"page\">\n\t\t\t\t\t\t<section class=\"elementor-section elementor-top-section elementor-element elementor-element-14b2165 elementor-section-height-min-height animated-fast elementor-section-boxed elementor-section-height-default elementor-section-items-middle\" data-id=\"14b2165\" data-element_type=\"section\" data-e-type=\"section\" data-settings=\"{&quot;background_background&quot;:&quot;classic&quot;,&quot;animation&quot;:&quot;none&quot;}\">\n\t\t\t\t\t\t\t<div class=\"elementor-background-overlay\"><\/div>\n\t\t\t\t\t\t\t<div class=\"elementor-container elementor-column-gap-default\">\n\t\t\t\t\t<div class=\"elementor-column elementor-col-100 elementor-top-column elementor-element elementor-element-dda2934\" data-id=\"dda2934\" data-element_type=\"column\" data-e-type=\"column\">\n\t\t\t<div class=\"elementor-widget-wrap elementor-element-populated\">\n\t\t\t\t\t\t<div class=\"elementor-element elementor-element-cf000a0 elementor-invisible elementor-widget elementor-widget-heading\" data-id=\"cf000a0\" data-element_type=\"widget\" data-e-type=\"widget\" data-settings=\"{&quot;_animation&quot;:&quot;fadeInUp&quot;}\" data-widget_type=\"heading.default\">\n\t\t\t\t\t<h1 class=\"elementor-heading-title elementor-size-default\">About us<\/h1>\t\t\t\t<\/div>\n\t\t\t\t<div class=\"elementor-element elementor-element-4be28eb elementor-invisible elementor-widget elementor-widget-text-editor\" data-id=\"4be28eb\" data-element_type=\"widget\" data-e-type=\"widget\" data-settings=\"{&quot;_animation&quot;:&quot;fadeInUp&quot;}\" data-widget_type=\"text-editor.default\">\n\t\t\t\t\t\t\t\t\t<p>REDYTEL was founded thirty years ago and we are experts in wireless solutions. Nowadays and facing the actual need of sensorization and data analytics we founded REDYTEL IoT SL.<\/p>\t\t\t\t\t\t\t\t<\/div>\n\t\t\t\t\t<\/div>\n\t\t<\/div>\n\t\t\t\t\t<\/div>\n\t\t<\/section>\n\t\t\t\t<section class=\"elementor-section elementor-top-section elementor-element elementor-element-1423020 elementor-section-boxed elementor-section-height-default elementor-section-height-default\" data-id=\"1423020\" data-element_type=\"section\" data-e-type=\"section\">\n\t\t\t\t\t\t<div class=\"elementor-container elementor-column-gap-default\">\n\t\t\t\t\t<div class=\"elementor-column elementor-col-50 elementor-top-column elementor-element elementor-element-677d92c\" data-id=\"677d92c\" data-element_type=\"column\" data-e-type=\"column\">\n\t\t\t<div class=\"elementor-widget-wrap elementor-element-populated\">\n\t\t\t\t\t\t<div class=\"elementor-element elementor-element-fabd233 elementor-widget elementor-widget-heading\" data-id=\"fabd233\" data-element_type=\"widget\" data-e-type=\"widget\" data-widget_type=\"heading.default\">\n\t\t\t\t\t<h2 class=\"elementor-heading-title elementor-size-default\">One of REDYTEL's big achievements is to bring IT solutions on a national scale in Spain.<\/h2>\t\t\t\t<\/div>\n\t\t\t\t<div class=\"elementor-element elementor-element-2cd48b0 elementor-widget elementor-widget-text-editor\" data-id=\"2cd48b0\" data-element_type=\"widget\" data-e-type=\"widget\" data-widget_type=\"text-editor.default\">\n\t\t\t\t\t\t\t\t\tThis fact assures a high capacity for adaptation to the peculiarities and local demands of our clients. REDYTEL IoT offers adaptable and optimized solutions to the wine sector, as well as solutions for apiculture companies, livestock farming and public institutions.\t\t\t\t\t\t\t\t<\/div>\n\t\t\t\t<div class=\"elementor-element elementor-element-b17d383 elementor-widget elementor-widget-image\" data-id=\"b17d383\" data-element_type=\"widget\" data-e-type=\"widget\" data-widget_type=\"image.default\">\n\t\t\t\t\t\t\t\t\t\t\t\t\t\t\t<img fetchpriority=\"high\" decoding=\"async\" width=\"700\" height=\"700\" src=\"https:\/\/redyteliot.info\/wp-content\/uploads\/2020\/10\/redytel-iot-img-07.jpg\" class=\"attachment-large size-large wp-image-3230\" alt=\"\" srcset=\"https:\/\/redyteliot.info\/wp-content\/uploads\/2020\/10\/redytel-iot-img-07.jpg 700w, https:\/\/redyteliot.info\/wp-content\/uploads\/2020\/10\/redytel-iot-img-07-300x300.jpg 300w, https:\/\/redyteliot.info\/wp-content\/uploads\/2020\/10\/redytel-iot-img-07-150x150.jpg 150w\" sizes=\"(max-width: 700px) 100vw, 700px\" \/>\t\t\t\t\t\t\t\t\t\t\t\t\t\t\t<\/div>\n\t\t\t\t\t<\/div>\n\t\t<\/div>\n\t\t\t\t<div class=\"elementor-column elementor-col-50 elementor-top-column elementor-element elementor-element-033440e\" data-id=\"033440e\" data-element_type=\"column\" data-e-type=\"column\">\n\t\t\t<div class=\"elementor-widget-wrap elementor-element-populated\">\n\t\t\t\t\t\t<div class=\"elementor-element elementor-element-3ca2ff3 elementor-widget elementor-widget-image\" data-id=\"3ca2ff3\" data-element_type=\"widget\" data-e-type=\"widget\" data-widget_type=\"image.default\">\n\t\t\t\t\t\t\t\t\t\t\t\t\t\t\t<img decoding=\"async\" width=\"700\" height=\"700\" src=\"https:\/\/redyteliot.info\/wp-content\/uploads\/2020\/10\/redytel-iot-img-06.jpg\" class=\"attachment-large size-large wp-image-3229\" alt=\"\" srcset=\"https:\/\/redyteliot.info\/wp-content\/uploads\/2020\/10\/redytel-iot-img-06.jpg 700w, https:\/\/redyteliot.info\/wp-content\/uploads\/2020\/10\/redytel-iot-img-06-300x300.jpg 300w, https:\/\/redyteliot.info\/wp-content\/uploads\/2020\/10\/redytel-iot-img-06-150x150.jpg 150w\" sizes=\"(max-width: 700px) 100vw, 700px\" \/>\t\t\t\t\t\t\t\t\t\t\t\t\t\t\t<\/div>\n\t\t\t\t<div class=\"elementor-element elementor-element-abeec19 elementor-widget elementor-widget-heading\" data-id=\"abeec19\" data-element_type=\"widget\" data-e-type=\"widget\" data-widget_type=\"heading.default\">\n\t\t\t\t\t<h2 class=\"elementor-heading-title elementor-size-default\">We have our own hardware and software engineering<\/h2>\t\t\t\t<\/div>\n\t\t\t\t<div class=\"elementor-element elementor-element-6b10e07 elementor-widget elementor-widget-text-editor\" data-id=\"6b10e07\" data-element_type=\"widget\" data-e-type=\"widget\" data-widget_type=\"text-editor.default\">\n\t\t\t\t\t\t\t\t\tOur commitment to open source give us the chance to work with innovative and iterative platforms and also relieve users. REDYTEL IoT is a company integrated by IT consultants and experts in sensorization and implantation of management systems. We have provided solutions to factories and power plants.\t\t\t\t\t\t\t\t<\/div>\n\t\t\t\t\t<\/div>\n\t\t<\/div>\n\t\t\t\t\t<\/div>\n\t\t<\/section>\n\t\t\t\t<\/div>\n\t\t","protected":false},"excerpt":{"rendered":"<p>About us REDYTEL was founded thirty years ago and we are experts in wireless solutions. Nowadays and facing the actual need of sensorization and data analytics we founded REDYTEL IoT SL. One of REDYTEL&#8217;s big achievements is to bring IT solutions on a national scale in Spain. This fact assures a high capacity for adaptation [&hellip;]<\/p>\n","protected":false},"author":1,"featured_media":3312,"parent":0,"menu_order":0,"comment_status":"closed","ping_status":"closed","template":"elementor_header_footer","meta":{"_acf_changed":false,"footnotes":""},"class_list":["post-3424","page","type-page","status-publish","has-post-thumbnail","hentry"],"acf":[],"yoast_head":"<!-- This site is optimized with the Yoast SEO plugin v27.5 - https:\/\/yoast.com\/product\/yoast-seo-wordpress\/ -->\n<title>About us - REDYTEL IoT :: An\u00e1lisis de datos y soluciones inal\u00e1mbricas<\/title>\n<meta name=\"description\" content=\"One of REDYTEL&#039;s big achievements is to bring IT solutions On a national scale in Spain.\" \/>\n<meta name=\"robots\" content=\"index, follow, max-snippet:-1, max-image-preview:large, max-video-preview:-1\" \/>\n<link rel=\"canonical\" href=\"https:\/\/redyteliot.info\/en\/about-us\/\" \/>\n<meta property=\"og:locale\" content=\"en_US\" \/>\n<meta property=\"og:type\" content=\"article\" \/>\n<meta property=\"og:title\" content=\"About us - REDYTEL IoT :: An\u00e1lisis de datos y soluciones inal\u00e1mbricas\" \/>\n<meta property=\"og:description\" content=\"One of REDYTEL&#039;s big achievements is to bring IT solutions On a national scale in Spain.\" \/>\n<meta property=\"og:url\" content=\"https:\/\/redyteliot.info\/en\/about-us\/\" \/>\n<meta property=\"og:site_name\" content=\"REDYTEL IoT :: An\u00e1lisis de datos y soluciones inal\u00e1mbricas\" \/>\n<meta property=\"article:publisher\" content=\"https:\/\/www.facebook.com\/redytelwimax\/\" \/>\n<meta property=\"article:modified_time\" content=\"2025-10-06T14:41:56+00:00\" \/>\n<meta property=\"og:image\" content=\"https:\/\/redyteliot.info\/wp-content\/uploads\/2020\/11\/redyel-share-img.png\" \/>\n\t<meta property=\"og:image:width\" content=\"1200\" \/>\n\t<meta property=\"og:image:height\" content=\"628\" \/>\n\t<meta property=\"og:image:type\" content=\"image\/png\" \/>\n<meta name=\"twitter:card\" content=\"summary_large_image\" \/>\n<meta name=\"twitter:site\" content=\"@RedytelWimax\" \/>\n<meta name=\"twitter:label1\" content=\"Est. reading time\" \/>\n\t<meta name=\"twitter:data1\" content=\"2 minutes\" \/>\n<script type=\"application\/ld+json\" class=\"yoast-schema-graph\">{\"@context\":\"https:\\\/\\\/schema.org\",\"@graph\":[{\"@type\":\"WebPage\",\"@id\":\"https:\\\/\\\/redyteliot.info\\\/en\\\/about-us\\\/\",\"url\":\"https:\\\/\\\/redyteliot.info\\\/en\\\/about-us\\\/\",\"name\":\"About us - REDYTEL IoT :: An\u00e1lisis de datos y soluciones inal\u00e1mbricas\",\"isPartOf\":{\"@id\":\"https:\\\/\\\/redyteliot.info\\\/#website\"},\"primaryImageOfPage\":{\"@id\":\"https:\\\/\\\/redyteliot.info\\\/en\\\/about-us\\\/#primaryimage\"},\"image\":{\"@id\":\"https:\\\/\\\/redyteliot.info\\\/en\\\/about-us\\\/#primaryimage\"},\"thumbnailUrl\":\"https:\\\/\\\/redyteliot.info\\\/wp-content\\\/uploads\\\/2020\\\/11\\\/redyel-share-img.png\",\"datePublished\":\"2021-05-05T08:37:42+00:00\",\"dateModified\":\"2025-10-06T14:41:56+00:00\",\"description\":\"One of REDYTEL's big achievements is to bring IT solutions On a national scale in Spain.\",\"breadcrumb\":{\"@id\":\"https:\\\/\\\/redyteliot.info\\\/en\\\/about-us\\\/#breadcrumb\"},\"inLanguage\":\"en-US\",\"potentialAction\":[{\"@type\":\"ReadAction\",\"target\":[\"https:\\\/\\\/redyteliot.info\\\/en\\\/about-us\\\/\"]}]},{\"@type\":\"ImageObject\",\"inLanguage\":\"en-US\",\"@id\":\"https:\\\/\\\/redyteliot.info\\\/en\\\/about-us\\\/#primaryimage\",\"url\":\"https:\\\/\\\/redyteliot.info\\\/wp-content\\\/uploads\\\/2020\\\/11\\\/redyel-share-img.png\",\"contentUrl\":\"https:\\\/\\\/redyteliot.info\\\/wp-content\\\/uploads\\\/2020\\\/11\\\/redyel-share-img.png\",\"width\":1200,\"height\":628},{\"@type\":\"BreadcrumbList\",\"@id\":\"https:\\\/\\\/redyteliot.info\\\/en\\\/about-us\\\/#breadcrumb\",\"itemListElement\":[{\"@type\":\"ListItem\",\"position\":1,\"name\":\"Inicio\",\"item\":\"https:\\\/\\\/redyteliot.info\\\/\"},{\"@type\":\"ListItem\",\"position\":2,\"name\":\"About us\"}]},{\"@type\":\"WebSite\",\"@id\":\"https:\\\/\\\/redyteliot.info\\\/#website\",\"url\":\"https:\\\/\\\/redyteliot.info\\\/\",\"name\":\"REDYTEL IoT :: An\u00e1lisis de datos y soluciones inal\u00e1mbricas\",\"description\":\"Ingenier\u00eda propia tanto de hardware como software; trabajamos con c\u00f3digos abiertos\",\"publisher\":{\"@id\":\"https:\\\/\\\/redyteliot.info\\\/#organization\"},\"potentialAction\":[{\"@type\":\"SearchAction\",\"target\":{\"@type\":\"EntryPoint\",\"urlTemplate\":\"https:\\\/\\\/redyteliot.info\\\/?s={search_term_string}\"},\"query-input\":{\"@type\":\"PropertyValueSpecification\",\"valueRequired\":true,\"valueName\":\"search_term_string\"}}],\"inLanguage\":\"en-US\"},{\"@type\":\"Organization\",\"@id\":\"https:\\\/\\\/redyteliot.info\\\/#organization\",\"name\":\"REDYTEL IoT\",\"url\":\"https:\\\/\\\/redyteliot.info\\\/\",\"logo\":{\"@type\":\"ImageObject\",\"inLanguage\":\"en-US\",\"@id\":\"https:\\\/\\\/redyteliot.info\\\/#\\\/schema\\\/logo\\\/image\\\/\",\"url\":\"https:\\\/\\\/redyteliot.info\\\/wp-content\\\/uploads\\\/2020\\\/11\\\/redytel-logo.jpg\",\"contentUrl\":\"https:\\\/\\\/redyteliot.info\\\/wp-content\\\/uploads\\\/2020\\\/11\\\/redytel-logo.jpg\",\"width\":660,\"height\":592,\"caption\":\"REDYTEL IoT\"},\"image\":{\"@id\":\"https:\\\/\\\/redyteliot.info\\\/#\\\/schema\\\/logo\\\/image\\\/\"},\"sameAs\":[\"https:\\\/\\\/www.facebook.com\\\/redytelwimax\\\/\",\"https:\\\/\\\/x.com\\\/RedytelWimax\",\"https:\\\/\\\/www.instagram.com\\\/redytelwimax\\\/\",\"https:\\\/\\\/www.linkedin.com\\\/company\\\/redytel-wimax-sl\\\/\",\"https:\\\/\\\/www.youtube.com\\\/channel\\\/UCnTkpfrvV4Ek77W7qfPBxlw\"]}]}<\/script>\n<!-- \/ Yoast SEO plugin. -->","yoast_head_json":{"title":"About us - REDYTEL IoT :: An\u00e1lisis de datos y soluciones inal\u00e1mbricas","description":"One of REDYTEL's big achievements is to bring IT solutions On a national scale in Spain.","robots":{"index":"index","follow":"follow","max-snippet":"max-snippet:-1","max-image-preview":"max-image-preview:large","max-video-preview":"max-video-preview:-1"},"canonical":"https:\/\/redyteliot.info\/en\/about-us\/","og_locale":"en_US","og_type":"article","og_title":"About us - REDYTEL IoT :: An\u00e1lisis de datos y soluciones inal\u00e1mbricas","og_description":"One of REDYTEL's big achievements is to bring IT solutions On a national scale in Spain.","og_url":"https:\/\/redyteliot.info\/en\/about-us\/","og_site_name":"REDYTEL IoT :: An\u00e1lisis de datos y soluciones inal\u00e1mbricas","article_publisher":"https:\/\/www.facebook.com\/redytelwimax\/","article_modified_time":"2025-10-06T14:41:56+00:00","og_image":[{"width":1200,"height":628,"url":"https:\/\/redyteliot.info\/wp-content\/uploads\/2020\/11\/redyel-share-img.png","type":"image\/png"}],"twitter_card":"summary_large_image","twitter_site":"@RedytelWimax","twitter_misc":{"Est. reading time":"2 minutes"},"schema":{"@context":"https:\/\/schema.org","@graph":[{"@type":"WebPage","@id":"https:\/\/redyteliot.info\/en\/about-us\/","url":"https:\/\/redyteliot.info\/en\/about-us\/","name":"About us - REDYTEL IoT :: An\u00e1lisis de datos y soluciones inal\u00e1mbricas","isPartOf":{"@id":"https:\/\/redyteliot.info\/#website"},"primaryImageOfPage":{"@id":"https:\/\/redyteliot.info\/en\/about-us\/#primaryimage"},"image":{"@id":"https:\/\/redyteliot.info\/en\/about-us\/#primaryimage"},"thumbnailUrl":"https:\/\/redyteliot.info\/wp-content\/uploads\/2020\/11\/redyel-share-img.png","datePublished":"2021-05-05T08:37:42+00:00","dateModified":"2025-10-06T14:41:56+00:00","description":"One of REDYTEL's big achievements is to bring IT solutions On a national scale in Spain.","breadcrumb":{"@id":"https:\/\/redyteliot.info\/en\/about-us\/#breadcrumb"},"inLanguage":"en-US","potentialAction":[{"@type":"ReadAction","target":["https:\/\/redyteliot.info\/en\/about-us\/"]}]},{"@type":"ImageObject","inLanguage":"en-US","@id":"https:\/\/redyteliot.info\/en\/about-us\/#primaryimage","url":"https:\/\/redyteliot.info\/wp-content\/uploads\/2020\/11\/redyel-share-img.png","contentUrl":"https:\/\/redyteliot.info\/wp-content\/uploads\/2020\/11\/redyel-share-img.png","width":1200,"height":628},{"@type":"BreadcrumbList","@id":"https:\/\/redyteliot.info\/en\/about-us\/#breadcrumb","itemListElement":[{"@type":"ListItem","position":1,"name":"Inicio","item":"https:\/\/redyteliot.info\/"},{"@type":"ListItem","position":2,"name":"About us"}]},{"@type":"WebSite","@id":"https:\/\/redyteliot.info\/#website","url":"https:\/\/redyteliot.info\/","name":"REDYTEL IoT :: An\u00e1lisis de datos y soluciones inal\u00e1mbricas","description":"Ingenier\u00eda propia tanto de hardware como software; trabajamos con c\u00f3digos abiertos","publisher":{"@id":"https:\/\/redyteliot.info\/#organization"},"potentialAction":[{"@type":"SearchAction","target":{"@type":"EntryPoint","urlTemplate":"https:\/\/redyteliot.info\/?s={search_term_string}"},"query-input":{"@type":"PropertyValueSpecification","valueRequired":true,"valueName":"search_term_string"}}],"inLanguage":"en-US"},{"@type":"Organization","@id":"https:\/\/redyteliot.info\/#organization","name":"REDYTEL IoT","url":"https:\/\/redyteliot.info\/","logo":{"@type":"ImageObject","inLanguage":"en-US","@id":"https:\/\/redyteliot.info\/#\/schema\/logo\/image\/","url":"https:\/\/redyteliot.info\/wp-content\/uploads\/2020\/11\/redytel-logo.jpg","contentUrl":"https:\/\/redyteliot.info\/wp-content\/uploads\/2020\/11\/redytel-logo.jpg","width":660,"height":592,"caption":"REDYTEL IoT"},"image":{"@id":"https:\/\/redyteliot.info\/#\/schema\/logo\/image\/"},"sameAs":["https:\/\/www.facebook.com\/redytelwimax\/","https:\/\/x.com\/RedytelWimax","https:\/\/www.instagram.com\/redytelwimax\/","https:\/\/www.linkedin.com\/company\/redytel-wimax-sl\/","https:\/\/www.youtube.com\/channel\/UCnTkpfrvV4Ek77W7qfPBxlw"]}]}},"_links":{"self":[{"href":"https:\/\/redyteliot.info\/en\/wp-json\/wp\/v2\/pages\/3424","targetHints":{"allow":["GET"]}}],"collection":[{"href":"https:\/\/redyteliot.info\/en\/wp-json\/wp\/v2\/pages"}],"about":[{"href":"https:\/\/redyteliot.info\/en\/wp-json\/wp\/v2\/types\/page"}],"author":[{"embeddable":true,"href":"https:\/\/redyteliot.info\/en\/wp-json\/wp\/v2\/users\/1"}],"replies":[{"embeddable":true,"href":"https:\/\/redyteliot.info\/en\/wp-json\/wp\/v2\/comments?post=3424"}],"version-history":[{"count":7,"href":"https:\/\/redyteliot.info\/en\/wp-json\/wp\/v2\/pages\/3424\/revisions"}],"predecessor-version":[{"id":4234,"href":"https:\/\/redyteliot.info\/en\/wp-json\/wp\/v2\/pages\/3424\/revisions\/4234"}],"wp:featuredmedia":[{"embeddable":true,"href":"https:\/\/redyteliot.info\/en\/wp-json\/wp\/v2\/media\/3312"}],"wp:attachment":[{"href":"https:\/\/redyteliot.info\/en\/wp-json\/wp\/v2\/media?parent=3424"}],"curies":[{"name":"wp","href":"https:\/\/api.w.org\/{rel}","templated":true}]}}