{"id":3417,"date":"2021-05-05T10:17:12","date_gmt":"2021-05-05T08:17:12","guid":{"rendered":"https:\/\/redyteliot.info\/contact\/"},"modified":"2021-05-05T10:17:13","modified_gmt":"2021-05-05T08:17:13","slug":"contact","status":"publish","type":"page","link":"https:\/\/redyteliot.info\/en\/contact\/","title":{"rendered":"Contact"},"content":{"rendered":"\t\t<div data-elementor-type=\"wp-page\" data-elementor-id=\"3417\" class=\"elementor elementor-3417 elementor-17\" data-elementor-post-type=\"page\">\n\t\t\t\t\t\t<section class=\"elementor-section elementor-top-section elementor-element elementor-element-fa4a262 elementor-section-height-min-height animated-fast elementor-section-boxed elementor-section-height-default elementor-section-items-middle\" data-id=\"fa4a262\" data-element_type=\"section\" data-e-type=\"section\" data-settings=\"{&quot;background_background&quot;:&quot;classic&quot;,&quot;animation&quot;:&quot;none&quot;}\">\n\t\t\t\t\t\t\t<div class=\"elementor-background-overlay\"><\/div>\n\t\t\t\t\t\t\t<div class=\"elementor-container elementor-column-gap-default\">\n\t\t\t\t\t<div class=\"elementor-column elementor-col-100 elementor-top-column elementor-element elementor-element-55cce10\" data-id=\"55cce10\" data-element_type=\"column\" data-e-type=\"column\">\n\t\t\t<div class=\"elementor-widget-wrap elementor-element-populated\">\n\t\t\t\t\t\t<div class=\"elementor-element elementor-element-e2ffbc9 elementor-invisible elementor-widget elementor-widget-heading\" data-id=\"e2ffbc9\" data-element_type=\"widget\" data-e-type=\"widget\" data-settings=\"{&quot;_animation&quot;:&quot;fadeInUp&quot;}\" data-widget_type=\"heading.default\">\n\t\t\t\t\t<h1 class=\"elementor-heading-title elementor-size-default\">Contact<\/h1>\t\t\t\t<\/div>\n\t\t\t\t<div class=\"elementor-element elementor-element-29f15ae elementor-invisible elementor-widget elementor-widget-text-editor\" data-id=\"29f15ae\" data-element_type=\"widget\" data-e-type=\"widget\" data-settings=\"{&quot;_animation&quot;:&quot;fadeInUp&quot;}\" data-widget_type=\"text-editor.default\">\n\t\t\t\t\t\t\t\t\t<p>Please fill the form below, our sales department will contact you as soon as possible. <\/p>\n\t\t\t\t\t\t\t\t<\/div>\n\t\t\t\t\t<\/div>\n\t\t<\/div>\n\t\t\t\t\t<\/div>\n\t\t<\/section>\n\t\t\t\t<section class=\"elementor-section elementor-top-section elementor-element elementor-element-79d8e693 elementor-section-content-middle elementor-section-boxed elementor-section-height-default elementor-section-height-default\" data-id=\"79d8e693\" data-element_type=\"section\" data-e-type=\"section\">\n\t\t\t\t\t\t<div class=\"elementor-container elementor-column-gap-default\">\n\t\t\t\t\t<div class=\"elementor-column elementor-col-100 elementor-top-column elementor-element elementor-element-702623e6\" data-id=\"702623e6\" data-element_type=\"column\" data-e-type=\"column\">\n\t\t\t<div class=\"elementor-widget-wrap elementor-element-populated\">\n\t\t\t\t\t\t<section class=\"elementor-section elementor-inner-section elementor-element elementor-element-1f77861b elementor-section-boxed elementor-section-height-default elementor-section-height-default\" data-id=\"1f77861b\" data-element_type=\"section\" data-e-type=\"section\">\n\t\t\t\t\t\t<div class=\"elementor-container elementor-column-gap-no\">\n\t\t\t\t\t<div class=\"elementor-column elementor-col-50 elementor-inner-column elementor-element elementor-element-67e9c34b\" data-id=\"67e9c34b\" data-element_type=\"column\" data-e-type=\"column\">\n\t\t\t<div class=\"elementor-widget-wrap elementor-element-populated\">\n\t\t\t\t\t\t<div class=\"elementor-element elementor-element-4288f16 elementor-widget elementor-widget-heading\" data-id=\"4288f16\" data-element_type=\"widget\" data-e-type=\"widget\" data-widget_type=\"heading.default\">\n\t\t\t\t\t<h2 class=\"elementor-heading-title elementor-size-default\">Head office<\/h2>\t\t\t\t<\/div>\n\t\t\t\t<div class=\"elementor-element elementor-element-860292c elementor-icon-list--layout-traditional elementor-list-item-link-full_width elementor-widget elementor-widget-icon-list\" data-id=\"860292c\" data-element_type=\"widget\" data-e-type=\"widget\" data-widget_type=\"icon-list.default\">\n\t\t\t\t\t\t\t<ul class=\"elementor-icon-list-items\">\n\t\t\t\t\t\t\t<li class=\"elementor-icon-list-item\">\n\t\t\t\t\t\t\t\t\t\t<span class=\"elementor-icon-list-text\">Avd. Constituci\u00f3n N\u00ba1<\/span>\n\t\t\t\t\t\t\t\t\t<\/li>\n\t\t\t\t\t\t\t\t<li class=\"elementor-icon-list-item\">\n\t\t\t\t\t\t\t\t\t\t<span class=\"elementor-icon-list-text\">24404 Ponferrada<\/span>\n\t\t\t\t\t\t\t\t\t<\/li>\n\t\t\t\t\t\t\t\t<li class=\"elementor-icon-list-item\">\n\t\t\t\t\t\t\t\t\t\t<span class=\"elementor-icon-list-text\">+34 987 831 200<\/span>\n\t\t\t\t\t\t\t\t\t<\/li>\n\t\t\t\t\t\t<\/ul>\n\t\t\t\t\t\t<\/div>\n\t\t\t\t<div class=\"elementor-element elementor-element-51d3578 elementor-widget elementor-widget-heading\" data-id=\"51d3578\" data-element_type=\"widget\" data-e-type=\"widget\" data-widget_type=\"heading.default\">\n\t\t\t\t\t<h2 class=\"elementor-heading-title elementor-size-default\">Regional office in Galicia<\/h2>\t\t\t\t<\/div>\n\t\t\t\t<div class=\"elementor-element elementor-element-33e5da1 elementor-icon-list--layout-traditional elementor-list-item-link-full_width elementor-widget elementor-widget-icon-list\" data-id=\"33e5da1\" data-element_type=\"widget\" data-e-type=\"widget\" data-widget_type=\"icon-list.default\">\n\t\t\t\t\t\t\t<ul class=\"elementor-icon-list-items\">\n\t\t\t\t\t\t\t<li class=\"elementor-icon-list-item\">\n\t\t\t\t\t\t\t\t\t\t<span class=\"elementor-icon-list-text\">C\/ Brasil 6, bajo izq<\/span>\n\t\t\t\t\t\t\t\t\t<\/li>\n\t\t\t\t\t\t\t\t<li class=\"elementor-icon-list-item\">\n\t\t\t\t\t\t\t\t\t\t<span class=\"elementor-icon-list-text\">32350 A R\u00faa (Ourense)<\/span>\n\t\t\t\t\t\t\t\t\t<\/li>\n\t\t\t\t\t\t\t\t<li class=\"elementor-icon-list-item\">\n\t\t\t\t\t\t\t\t\t\t<span class=\"elementor-icon-list-text\">+34 988 091 500<\/span>\n\t\t\t\t\t\t\t\t\t<\/li>\n\t\t\t\t\t\t<\/ul>\n\t\t\t\t\t\t<\/div>\n\t\t\t\t<div class=\"elementor-element elementor-element-4ba616d elementor-widget elementor-widget-heading\" data-id=\"4ba616d\" data-element_type=\"widget\" data-e-type=\"widget\" data-widget_type=\"heading.default\">\n\t\t\t\t\t<h2 class=\"elementor-heading-title elementor-size-default\">Regional office in Madrid<\/h2>\t\t\t\t<\/div>\n\t\t\t\t<div class=\"elementor-element elementor-element-354bd69 elementor-icon-list--layout-traditional elementor-list-item-link-full_width elementor-widget elementor-widget-icon-list\" data-id=\"354bd69\" data-element_type=\"widget\" data-e-type=\"widget\" data-widget_type=\"icon-list.default\">\n\t\t\t\t\t\t\t<ul class=\"elementor-icon-list-items\">\n\t\t\t\t\t\t\t<li class=\"elementor-icon-list-item\">\n\t\t\t\t\t\t\t\t\t\t<span class=\"elementor-icon-list-text\">C\/ Diesel, n\u00ba 13<\/span>\n\t\t\t\t\t\t\t\t\t<\/li>\n\t\t\t\t\t\t\t\t<li class=\"elementor-icon-list-item\">\n\t\t\t\t\t\t\t\t\t\t<span class=\"elementor-icon-list-text\">28906 Getafe, Madrid<\/span>\n\t\t\t\t\t\t\t\t\t<\/li>\n\t\t\t\t\t\t\t\t<li class=\"elementor-icon-list-item\">\n\t\t\t\t\t\t\t\t\t\t<span class=\"elementor-icon-list-text\">+34 919 399 499<\/span>\n\t\t\t\t\t\t\t\t\t<\/li>\n\t\t\t\t\t\t<\/ul>\n\t\t\t\t\t\t<\/div>\n\t\t\t\t\t<\/div>\n\t\t<\/div>\n\t\t\t\t<div class=\"elementor-column elementor-col-50 elementor-inner-column elementor-element elementor-element-419ea7fa\" data-id=\"419ea7fa\" data-element_type=\"column\" data-e-type=\"column\">\n\t\t\t<div class=\"elementor-widget-wrap elementor-element-populated\">\n\t\t\t\t\t\t<div class=\"elementor-element elementor-element-72263fd1 elementor-button-align-start elementor-widget elementor-widget-form\" data-id=\"72263fd1\" data-element_type=\"widget\" data-e-type=\"widget\" data-settings=\"{&quot;step_next_label&quot;:&quot;Next&quot;,&quot;step_previous_label&quot;:&quot;Previous&quot;,&quot;button_width&quot;:&quot;100&quot;,&quot;step_type&quot;:&quot;number_text&quot;,&quot;step_icon_shape&quot;:&quot;circle&quot;}\" data-widget_type=\"form.default\">\n\t\t\t\t\t\t\t<form class=\"elementor-form\" method=\"post\" name=\"Contact with us\" aria-label=\"Contact with us\">\n\t\t\t<input type=\"hidden\" name=\"post_id\" value=\"3417\"\/>\n\t\t\t<input type=\"hidden\" name=\"form_id\" value=\"72263fd1\"\/>\n\t\t\t<input type=\"hidden\" name=\"referer_title\" value=\"Contact - REDYTEL IoT :: An\u00e1lisis de datos y soluciones inal\u00e1mbricas\" \/>\n\n\t\t\t\t\t\t\t<input type=\"hidden\" name=\"queried_id\" value=\"3417\"\/>\n\t\t\t\n\t\t\t<div class=\"elementor-form-fields-wrapper elementor-labels-\">\n\t\t\t\t\t\t\t\t<div class=\"elementor-field-type-text elementor-field-group elementor-column elementor-field-group-name elementor-col-100 elementor-field-required\">\n\t\t\t\t\t\t\t\t\t\t\t\t<label for=\"form-field-name\" class=\"elementor-field-label elementor-screen-only\">\n\t\t\t\t\t\t\t\tNombre\t\t\t\t\t\t\t<\/label>\n\t\t\t\t\t\t\t\t\t\t\t\t\t\t<input size=\"1\" type=\"text\" name=\"form_fields[name]\" id=\"form-field-name\" class=\"elementor-field elementor-size-md  elementor-field-textual\" placeholder=\"Name\" required=\"required\">\n\t\t\t\t\t\t\t\t\t\t\t<\/div>\n\t\t\t\t\t\t\t\t<div class=\"elementor-field-type-email elementor-field-group elementor-column elementor-field-group-email elementor-col-50 elementor-field-required\">\n\t\t\t\t\t\t\t\t\t\t\t\t<label for=\"form-field-email\" class=\"elementor-field-label elementor-screen-only\">\n\t\t\t\t\t\t\t\tEmail\t\t\t\t\t\t\t<\/label>\n\t\t\t\t\t\t\t\t\t\t\t\t\t\t<input size=\"1\" type=\"email\" name=\"form_fields[email]\" id=\"form-field-email\" class=\"elementor-field elementor-size-md  elementor-field-textual\" placeholder=\"Email\" required=\"required\">\n\t\t\t\t\t\t\t\t\t\t\t<\/div>\n\t\t\t\t\t\t\t\t<div class=\"elementor-field-type-tel elementor-field-group elementor-column elementor-field-group-field_744162f elementor-col-50 elementor-field-required\">\n\t\t\t\t\t\t\t\t\t\t\t\t<label for=\"form-field-field_744162f\" class=\"elementor-field-label elementor-screen-only\">\n\t\t\t\t\t\t\t\tTelefono\t\t\t\t\t\t\t<\/label>\n\t\t\t\t\t\t\t\t<input size=\"1\" type=\"tel\" name=\"form_fields[field_744162f]\" id=\"form-field-field_744162f\" class=\"elementor-field elementor-size-md  elementor-field-textual\" placeholder=\"Phone\" required=\"required\" pattern=\"[0-9()#&amp;+*-=.]+\" title=\"Only numbers and phone characters (#, -, *, etc) are accepted.\">\n\n\t\t\t\t\t\t<\/div>\n\t\t\t\t\t\t\t\t<div class=\"elementor-field-type-text elementor-field-group elementor-column elementor-field-group-field_61fc380 elementor-col-100 elementor-field-required\">\n\t\t\t\t\t\t\t\t\t\t\t\t<label for=\"form-field-field_61fc380\" class=\"elementor-field-label elementor-screen-only\">\n\t\t\t\t\t\t\t\tEmpresa\t\t\t\t\t\t\t<\/label>\n\t\t\t\t\t\t\t\t\t\t\t\t\t\t<input size=\"1\" type=\"text\" name=\"form_fields[field_61fc380]\" id=\"form-field-field_61fc380\" class=\"elementor-field elementor-size-md  elementor-field-textual\" placeholder=\"Company\" required=\"required\">\n\t\t\t\t\t\t\t\t\t\t\t<\/div>\n\t\t\t\t\t\t\t\t<div class=\"elementor-field-type-textarea elementor-field-group elementor-column elementor-field-group-message elementor-col-100\">\n\t\t\t\t\t\t\t\t\t\t\t\t<label for=\"form-field-message\" class=\"elementor-field-label elementor-screen-only\">\n\t\t\t\t\t\t\t\tComentario\t\t\t\t\t\t\t<\/label>\n\t\t\t\t\t\t<textarea class=\"elementor-field-textual elementor-field  elementor-size-md\" name=\"form_fields[message]\" id=\"form-field-message\" rows=\"4\" placeholder=\"Comment\"><\/textarea>\t\t\t\t<\/div>\n\t\t\t\t\t\t\t\t<div class=\"elementor-field-type-acceptance elementor-field-group elementor-column elementor-field-group-field_37863a2 elementor-col-100 elementor-field-required\">\n\t\t\t\t\t\t\t\t\t\t\t\t<label for=\"form-field-field_37863a2\" class=\"elementor-field-label elementor-screen-only\">\n\t\t\t\t\t\t\t\tPrivacy Policy\t\t\t\t\t\t\t<\/label>\n\t\t\t\t\t\t\t\t<div class=\"elementor-field-subgroup\">\n\t\t\t<span class=\"elementor-field-option\">\n\t\t\t\t<input type=\"checkbox\" name=\"form_fields[field_37863a2]\" id=\"form-field-field_37863a2\" class=\"elementor-field elementor-size-md  elementor-acceptance-field\" required=\"required\">\n\t\t\t\t<label for=\"form-field-field_37863a2\">I have read and agree with the <a href=\"https:\/\/redyteliot.info\/aviso-legal\/\">legal notice<\/a><\/label>\t\t\t<\/span>\n\t\t<\/div>\n\t\t\t\t\t\t<\/div>\n\t\t\t\t\t\t\t\t<div class=\"elementor-field-type-text\">\n\t\t\t\t\t<input size=\"1\" type=\"text\" name=\"form_fields[field_2a6a967]\" id=\"form-field-field_2a6a967\" class=\"elementor-field elementor-size-md \" style=\"display:none !important;\">\t\t\t\t<\/div>\n\t\t\t\t\t\t\t\t<div class=\"elementor-field-group elementor-column elementor-field-type-submit elementor-col-100 e-form__buttons\">\n\t\t\t\t\t<button class=\"elementor-button elementor-size-sm\" type=\"submit\">\n\t\t\t\t\t\t<span class=\"elementor-button-content-wrapper\">\n\t\t\t\t\t\t\t\t\t\t\t\t\t\t\t\t\t\t\t\t\t\t<span class=\"elementor-button-text\">Send<\/span>\n\t\t\t\t\t\t\t\t\t\t\t\t\t<\/span>\n\t\t\t\t\t<\/button>\n\t\t\t\t<\/div>\n\t\t\t<\/div>\n\t\t<\/form>\n\t\t\t\t\t\t<\/div>\n\t\t\t\t\t<\/div>\n\t\t<\/div>\n\t\t\t\t\t<\/div>\n\t\t<\/section>\n\t\t\t\t\t<\/div>\n\t\t<\/div>\n\t\t\t\t\t<\/div>\n\t\t<\/section>\n\t\t\t\t<section class=\"elementor-section elementor-top-section elementor-element elementor-element-f8f97a3 elementor-section-full_width elementor-section-height-default elementor-section-height-default\" data-id=\"f8f97a3\" data-element_type=\"section\" data-e-type=\"section\">\n\t\t\t\t\t\t<div class=\"elementor-container elementor-column-gap-no\">\n\t\t\t\t\t<div class=\"elementor-column elementor-col-100 elementor-top-column elementor-element elementor-element-f22ba3f\" data-id=\"f22ba3f\" data-element_type=\"column\" data-e-type=\"column\">\n\t\t\t<div class=\"elementor-widget-wrap elementor-element-populated\">\n\t\t\t\t\t\t<div class=\"elementor-element elementor-element-1e22582 elementor-widget elementor-widget-google_maps\" data-id=\"1e22582\" data-element_type=\"widget\" data-e-type=\"widget\" data-widget_type=\"google_maps.default\">\n\t\t\t\t\t\t\t<div class=\"elementor-custom-embed\">\n\t\t\t<iframe loading=\"lazy\"\n\t\t\t\t\tsrc=\"https:\/\/maps.google.com\/maps?q=Redytel%20Wimax&#038;t=m&#038;z=17&#038;output=embed&#038;iwloc=near\"\n\t\t\t\t\ttitle=\"Redytel Wimax\"\n\t\t\t\t\taria-label=\"Redytel Wimax\"\n\t\t\t><\/iframe>\n\t\t<\/div>\n\t\t\t\t\t\t<\/div>\n\t\t\t\t\t<\/div>\n\t\t<\/div>\n\t\t\t\t\t<\/div>\n\t\t<\/section>\n\t\t\t\t<\/div>\n\t\t","protected":false},"excerpt":{"rendered":"<p>Contact Please fill the form below, our sales department will contact you as soon as possible. Head office Avd. Constituci\u00f3n N\u00ba1 24404 Ponferrada +34 987 831 200 Regional office in Galicia C\/ Brasil 6, bajo izq 32350 A R\u00faa (Ourense) +34 988 091 500 Regional office in Madrid C\/ Diesel, n\u00ba 13 28906 Getafe, Madrid [&hellip;]<\/p>\n","protected":false},"author":1,"featured_media":3312,"parent":0,"menu_order":0,"comment_status":"closed","ping_status":"closed","template":"elementor_header_footer","meta":{"_acf_changed":false,"footnotes":""},"class_list":["post-3417","page","type-page","status-publish","has-post-thumbnail","hentry"],"acf":[],"yoast_head":"<!-- This site is optimized with the Yoast SEO plugin v27.2 - https:\/\/yoast.com\/product\/yoast-seo-wordpress\/ -->\n<title>Contact - REDYTEL IoT :: An\u00e1lisis de datos y soluciones inal\u00e1mbricas<\/title>\n<meta name=\"robots\" content=\"index, follow, max-snippet:-1, max-image-preview:large, max-video-preview:-1\" \/>\n<link rel=\"canonical\" href=\"https:\/\/redyteliot.info\/en\/contact\/\" \/>\n<meta property=\"og:locale\" content=\"en_US\" \/>\n<meta property=\"og:type\" content=\"article\" \/>\n<meta property=\"og:title\" content=\"Contact - REDYTEL IoT :: An\u00e1lisis de datos y soluciones inal\u00e1mbricas\" \/>\n<meta property=\"og:description\" content=\"Contact Please fill the form below, our sales department will contact you as soon as possible. Head office Avd. Constituci\u00f3n N\u00ba1 24404 Ponferrada +34 987 831 200 Regional office in Galicia C\/ Brasil 6, bajo izq 32350 A R\u00faa (Ourense) +34 988 091 500 Regional office in Madrid C\/ Diesel, n\u00ba 13 28906 Getafe, Madrid [&hellip;]\" \/>\n<meta property=\"og:url\" content=\"https:\/\/redyteliot.info\/en\/contact\/\" \/>\n<meta property=\"og:site_name\" content=\"REDYTEL IoT :: An\u00e1lisis de datos y soluciones inal\u00e1mbricas\" \/>\n<meta property=\"article:publisher\" content=\"https:\/\/www.facebook.com\/redytelwimax\/\" \/>\n<meta property=\"article:modified_time\" content=\"2021-05-05T08:17:13+00:00\" \/>\n<meta property=\"og:image\" content=\"https:\/\/redyteliot.info\/wp-content\/uploads\/2020\/11\/redyel-share-img.png\" \/>\n\t<meta property=\"og:image:width\" content=\"1200\" \/>\n\t<meta property=\"og:image:height\" content=\"628\" \/>\n\t<meta property=\"og:image:type\" content=\"image\/png\" \/>\n<meta name=\"twitter:card\" content=\"summary_large_image\" \/>\n<meta name=\"twitter:site\" content=\"@RedytelWimax\" \/>\n<script type=\"application\/ld+json\" class=\"yoast-schema-graph\">{\"@context\":\"https:\/\/schema.org\",\"@graph\":[{\"@type\":\"WebPage\",\"@id\":\"https:\/\/redyteliot.info\/en\/contact\/\",\"url\":\"https:\/\/redyteliot.info\/en\/contact\/\",\"name\":\"Contact - REDYTEL IoT :: An\u00e1lisis de datos y soluciones inal\u00e1mbricas\",\"isPartOf\":{\"@id\":\"https:\/\/redyteliot.info\/#website\"},\"primaryImageOfPage\":{\"@id\":\"https:\/\/redyteliot.info\/en\/contact\/#primaryimage\"},\"image\":{\"@id\":\"https:\/\/redyteliot.info\/en\/contact\/#primaryimage\"},\"thumbnailUrl\":\"https:\/\/redyteliot.info\/wp-content\/uploads\/2020\/11\/redyel-share-img.png\",\"datePublished\":\"2021-05-05T08:17:12+00:00\",\"dateModified\":\"2021-05-05T08:17:13+00:00\",\"breadcrumb\":{\"@id\":\"https:\/\/redyteliot.info\/en\/contact\/#breadcrumb\"},\"inLanguage\":\"en-US\",\"potentialAction\":[{\"@type\":\"ReadAction\",\"target\":[\"https:\/\/redyteliot.info\/en\/contact\/\"]}]},{\"@type\":\"ImageObject\",\"inLanguage\":\"en-US\",\"@id\":\"https:\/\/redyteliot.info\/en\/contact\/#primaryimage\",\"url\":\"https:\/\/redyteliot.info\/wp-content\/uploads\/2020\/11\/redyel-share-img.png\",\"contentUrl\":\"https:\/\/redyteliot.info\/wp-content\/uploads\/2020\/11\/redyel-share-img.png\",\"width\":1200,\"height\":628},{\"@type\":\"BreadcrumbList\",\"@id\":\"https:\/\/redyteliot.info\/en\/contact\/#breadcrumb\",\"itemListElement\":[{\"@type\":\"ListItem\",\"position\":1,\"name\":\"Inicio\",\"item\":\"https:\/\/redyteliot.info\/\"},{\"@type\":\"ListItem\",\"position\":2,\"name\":\"Contact\"}]},{\"@type\":\"WebSite\",\"@id\":\"https:\/\/redyteliot.info\/#website\",\"url\":\"https:\/\/redyteliot.info\/\",\"name\":\"REDYTEL IoT :: An\u00e1lisis de datos y soluciones inal\u00e1mbricas\",\"description\":\"Ingenier\u00eda propia tanto de hardware como software; trabajamos con c\u00f3digos abiertos\",\"publisher\":{\"@id\":\"https:\/\/redyteliot.info\/#organization\"},\"potentialAction\":[{\"@type\":\"SearchAction\",\"target\":{\"@type\":\"EntryPoint\",\"urlTemplate\":\"https:\/\/redyteliot.info\/?s={search_term_string}\"},\"query-input\":{\"@type\":\"PropertyValueSpecification\",\"valueRequired\":true,\"valueName\":\"search_term_string\"}}],\"inLanguage\":\"en-US\"},{\"@type\":\"Organization\",\"@id\":\"https:\/\/redyteliot.info\/#organization\",\"name\":\"REDYTEL IoT\",\"url\":\"https:\/\/redyteliot.info\/\",\"logo\":{\"@type\":\"ImageObject\",\"inLanguage\":\"en-US\",\"@id\":\"https:\/\/redyteliot.info\/#\/schema\/logo\/image\/\",\"url\":\"https:\/\/redyteliot.info\/wp-content\/uploads\/2020\/11\/redytel-logo.jpg\",\"contentUrl\":\"https:\/\/redyteliot.info\/wp-content\/uploads\/2020\/11\/redytel-logo.jpg\",\"width\":660,\"height\":592,\"caption\":\"REDYTEL IoT\"},\"image\":{\"@id\":\"https:\/\/redyteliot.info\/#\/schema\/logo\/image\/\"},\"sameAs\":[\"https:\/\/www.facebook.com\/redytelwimax\/\",\"https:\/\/x.com\/RedytelWimax\",\"https:\/\/www.instagram.com\/redytelwimax\/\",\"https:\/\/www.linkedin.com\/company\/redytel-wimax-sl\/\",\"https:\/\/www.youtube.com\/channel\/UCnTkpfrvV4Ek77W7qfPBxlw\"]}]}<\/script>\n<!-- \/ Yoast SEO plugin. -->","yoast_head_json":{"title":"Contact - REDYTEL IoT :: An\u00e1lisis de datos y soluciones inal\u00e1mbricas","robots":{"index":"index","follow":"follow","max-snippet":"max-snippet:-1","max-image-preview":"max-image-preview:large","max-video-preview":"max-video-preview:-1"},"canonical":"https:\/\/redyteliot.info\/en\/contact\/","og_locale":"en_US","og_type":"article","og_title":"Contact - REDYTEL IoT :: An\u00e1lisis de datos y soluciones inal\u00e1mbricas","og_description":"Contact Please fill the form below, our sales department will contact you as soon as possible. Head office Avd. Constituci\u00f3n N\u00ba1 24404 Ponferrada +34 987 831 200 Regional office in Galicia C\/ Brasil 6, bajo izq 32350 A R\u00faa (Ourense) +34 988 091 500 Regional office in Madrid C\/ Diesel, n\u00ba 13 28906 Getafe, Madrid [&hellip;]","og_url":"https:\/\/redyteliot.info\/en\/contact\/","og_site_name":"REDYTEL IoT :: An\u00e1lisis de datos y soluciones inal\u00e1mbricas","article_publisher":"https:\/\/www.facebook.com\/redytelwimax\/","article_modified_time":"2021-05-05T08:17:13+00:00","og_image":[{"width":1200,"height":628,"url":"https:\/\/redyteliot.info\/wp-content\/uploads\/2020\/11\/redyel-share-img.png","type":"image\/png"}],"twitter_card":"summary_large_image","twitter_site":"@RedytelWimax","schema":{"@context":"https:\/\/schema.org","@graph":[{"@type":"WebPage","@id":"https:\/\/redyteliot.info\/en\/contact\/","url":"https:\/\/redyteliot.info\/en\/contact\/","name":"Contact - REDYTEL IoT :: An\u00e1lisis de datos y soluciones inal\u00e1mbricas","isPartOf":{"@id":"https:\/\/redyteliot.info\/#website"},"primaryImageOfPage":{"@id":"https:\/\/redyteliot.info\/en\/contact\/#primaryimage"},"image":{"@id":"https:\/\/redyteliot.info\/en\/contact\/#primaryimage"},"thumbnailUrl":"https:\/\/redyteliot.info\/wp-content\/uploads\/2020\/11\/redyel-share-img.png","datePublished":"2021-05-05T08:17:12+00:00","dateModified":"2021-05-05T08:17:13+00:00","breadcrumb":{"@id":"https:\/\/redyteliot.info\/en\/contact\/#breadcrumb"},"inLanguage":"en-US","potentialAction":[{"@type":"ReadAction","target":["https:\/\/redyteliot.info\/en\/contact\/"]}]},{"@type":"ImageObject","inLanguage":"en-US","@id":"https:\/\/redyteliot.info\/en\/contact\/#primaryimage","url":"https:\/\/redyteliot.info\/wp-content\/uploads\/2020\/11\/redyel-share-img.png","contentUrl":"https:\/\/redyteliot.info\/wp-content\/uploads\/2020\/11\/redyel-share-img.png","width":1200,"height":628},{"@type":"BreadcrumbList","@id":"https:\/\/redyteliot.info\/en\/contact\/#breadcrumb","itemListElement":[{"@type":"ListItem","position":1,"name":"Inicio","item":"https:\/\/redyteliot.info\/"},{"@type":"ListItem","position":2,"name":"Contact"}]},{"@type":"WebSite","@id":"https:\/\/redyteliot.info\/#website","url":"https:\/\/redyteliot.info\/","name":"REDYTEL IoT :: An\u00e1lisis de datos y soluciones inal\u00e1mbricas","description":"Ingenier\u00eda propia tanto de hardware como software; trabajamos con c\u00f3digos abiertos","publisher":{"@id":"https:\/\/redyteliot.info\/#organization"},"potentialAction":[{"@type":"SearchAction","target":{"@type":"EntryPoint","urlTemplate":"https:\/\/redyteliot.info\/?s={search_term_string}"},"query-input":{"@type":"PropertyValueSpecification","valueRequired":true,"valueName":"search_term_string"}}],"inLanguage":"en-US"},{"@type":"Organization","@id":"https:\/\/redyteliot.info\/#organization","name":"REDYTEL IoT","url":"https:\/\/redyteliot.info\/","logo":{"@type":"ImageObject","inLanguage":"en-US","@id":"https:\/\/redyteliot.info\/#\/schema\/logo\/image\/","url":"https:\/\/redyteliot.info\/wp-content\/uploads\/2020\/11\/redytel-logo.jpg","contentUrl":"https:\/\/redyteliot.info\/wp-content\/uploads\/2020\/11\/redytel-logo.jpg","width":660,"height":592,"caption":"REDYTEL IoT"},"image":{"@id":"https:\/\/redyteliot.info\/#\/schema\/logo\/image\/"},"sameAs":["https:\/\/www.facebook.com\/redytelwimax\/","https:\/\/x.com\/RedytelWimax","https:\/\/www.instagram.com\/redytelwimax\/","https:\/\/www.linkedin.com\/company\/redytel-wimax-sl\/","https:\/\/www.youtube.com\/channel\/UCnTkpfrvV4Ek77W7qfPBxlw"]}]}},"_links":{"self":[{"href":"https:\/\/redyteliot.info\/en\/wp-json\/wp\/v2\/pages\/3417","targetHints":{"allow":["GET"]}}],"collection":[{"href":"https:\/\/redyteliot.info\/en\/wp-json\/wp\/v2\/pages"}],"about":[{"href":"https:\/\/redyteliot.info\/en\/wp-json\/wp\/v2\/types\/page"}],"author":[{"embeddable":true,"href":"https:\/\/redyteliot.info\/en\/wp-json\/wp\/v2\/users\/1"}],"replies":[{"embeddable":true,"href":"https:\/\/redyteliot.info\/en\/wp-json\/wp\/v2\/comments?post=3417"}],"version-history":[{"count":0,"href":"https:\/\/redyteliot.info\/en\/wp-json\/wp\/v2\/pages\/3417\/revisions"}],"wp:featuredmedia":[{"embeddable":true,"href":"https:\/\/redyteliot.info\/en\/wp-json\/wp\/v2\/media\/3312"}],"wp:attachment":[{"href":"https:\/\/redyteliot.info\/en\/wp-json\/wp\/v2\/media?parent=3417"}],"curies":[{"name":"wp","href":"https:\/\/api.w.org\/{rel}","templated":true}]}}